{"id":101,"date":"2025-02-26T15:29:46","date_gmt":"2025-02-26T15:29:46","guid":{"rendered":"https:\/\/archivierung-experten.de\/?page_id=101"},"modified":"2025-04-01T23:30:50","modified_gmt":"2025-04-01T21:30:50","slug":"uber-uns","status":"publish","type":"page","link":"https:\/\/archivierung-experten.de\/en\/uber-uns\/","title":{"rendered":"About us"},"content":{"rendered":"<section class=\"bde-section-101-100 bde-section\">\n  \n  \n\t\n\n\n\n<div class=\"section-container\"><div class=\"bde-back-to-top-101-202 bde-back-to-top bde-back-to-top--progress is-sticky\">\n\n\n<button aria-label=\"Back to top\" tabindex=\"0\" class=\"bde-back-to-top__button bde-back-to-top__button--progress bde-back-to-top__button--show-always bde-back-to-top__button--animation-fade is-sticky  js-ee-back-to-top\">\n    \t<svg class=\"bde-back-to-top__progress-svg js-progress-svg\" width=\"100%\" height=\"100%\" viewbox=\"-1 -1 102 102\">\n\t  <path class=\"background\" d=\"M50,1 a49,49 0 0,1 0,98 a49,49 0 0,1 0,-98\"\/>\n      <path class=\"tracker\" d=\"M50,1 a49,49 0 0,1 0,98 a49,49 0 0,1 0,-98\"\/>\n  \t<\/svg>\n         <div class=\"bde-back-to-top__icon-wrap\">\n              <svg xmlns=\"http:\/\/www.w3.org\/2000\/svg\" viewbox=\"0 0 384 512\"><!--! Font Awesome Pro 6.2.0 by @fontawesome - https:\/\/fontawesome.com License - https:\/\/fontawesome.com\/license (Commercial License) Copyright 2022 Fonticons, Inc. --><path d=\"M214.6 57.4L192 34.7 169.4 57.4l-144 144L2.7 224 48 269.2l22.6-22.6L160 157.2V448v32h64V448 157.2l89.4 89.4L336 269.2 381.3 224l-22.6-22.6-144-144z\"\/><\/svg>\n          <\/div>\n    <\/button>\n\n\n<\/div><h1 class=\"bde-heading-101-101 bde-heading\">\nAbout us\n<\/h1><\/div>\n<\/section><section class=\"bde-section-101-103 bde-section\">\n  \n  \n\t\n\n\n\n<div class=\"section-container\"><div class=\"bde-columns-101-188 bde-columns\"><div class=\"bde-column-101-189 bde-column\">\n  \n  \n\t\n\n\n\n<h2 class=\"bde-heading-101-104 bde-heading\">\n\u00dcber die Gr\u00fcnder\n<\/h2>\n<\/div><div class=\"bde-column-101-190 bde-column\">\n  \n  \n\t\n\n\n\n<div class=\"bde-text-101-105 bde-text\">\nMit jahrzehntelanger Erfahrung in der IT-Branche bringen Alexander K\u00fchn und Stefan Tiede tiefgehendes technisches Know-how und strategisches IT-Management in ihr Unternehmen ein. Ihr Fokus: innovative, sichere und zukunftssichere IT-L\u00f6sungen f\u00fcr kleine und mittelst\u00e4ndische Unternehmen.\n<\/div>\n<\/div><\/div><div class=\"bde-columns-101-191 bde-columns\"><div class=\"bde-column-101-192 bde-column\">\n  \n  \n\t\n\n\n\n<div class=\"bde-text-101-134 bde-text\">\nAlexander verf\u00fcgt \u00fcber umfassende Erfahrung als IT-Projektleiter in den Bereichen IT-Infrastruktur, Netzwerksicherheit, Cloud-Integration und Service Management. Er hat erfolgreich Gro\u00dfprojekte f\u00fcr Unternehmen wie Axel Springer, ThyssenKrupp und Vonovia geleitet und bringt eine nachgewiesene Erfolgsbilanz in der Umsetzung komplexer IT-Transformationen mit.\n<\/div>\n<\/div><div class=\"bde-column-101-194 bde-column\">\n  \n  \n\t\n\n\n\n<h2 class=\"bde-heading-101-133 bde-heading\">\nAlexander K\u00fchn\n<\/h2>\n<\/div><\/div><div class=\"bde-columns-101-196 bde-columns\"><div class=\"bde-column-101-197 bde-column\">\n  \n  \n\t\n\n\n\n<h2 class=\"bde-heading-101-135 bde-heading\">\nStefan Tiede\n<\/h2>\n<\/div><div class=\"bde-column-101-199 bde-column\">\n  \n  \n\t\n\n\n\n<div class=\"bde-text-101-136 bde-text\">\nStefan ist ein erfahrener Systemarchitekt mit Spezialisierung auf Cloud-Migration, IT-Security und Infrastrukturl\u00f6sungen. Er hat f\u00fcr f\u00fchrende Unternehmen wie die Deutsche Telekom, Thyssenkrupp und den Bundesverband deutscher Banken gearbeitet und hilft Unternehmen, ihre IT-Landschaft effizient und sicher in die Zukunft zu f\u00fchren.\n<\/div>\n<\/div><\/div><div class=\"bde-text-101-137 bde-text\">\nGemeinsam stehen sie f\u00fcr eine IT-Beratung, die nicht nur modernste Technologie, sondern auch ein tiefes Verst\u00e4ndnis f\u00fcr die gesch\u00e4ftlichen Herausforderungen von KMU vereint. Sie begleiten Unternehmen nicht nur als Dienstleister, sondern als strategische Partner auf Augenh\u00f6he.<br><br>Trotz ihrer frischen Pr\u00e4senz auf dem Markt sprechen ihre Erfolge f\u00fcr sich. Sie setzen auf ma\u00dfgeschneiderte L\u00f6sungen, effiziente Prozesse und maximale Sicherheit \u2013 damit Ihr Unternehmen sich auf das Wesentliche konzentrieren kann.\n<\/div><h2 class=\"bde-heading-101-138 bde-heading\">\nSetzen Sie auf Expertise, Innovation und Verl\u00e4sslichkeit \u2013 <br>\n<\/h2><h2 class=\"bde-heading-101-201 bde-heading\">\nwir bringen Ihre IT auf das n\u00e4chste Level.\n<\/h2><\/div>\n<\/section>","protected":false},"excerpt":{"rendered":"<p>\u00dcber uns \u00dcber die Gr\u00fcnder Mit jahrzehntelanger Erfahrung in der IT-Branche bringen Alexander K\u00fchn und Stefan Tiede tiefgehendes technisches Know-how und strategisches IT-Management in ihr Unternehmen ein. Ihr Fokus: innovative, sichere und zukunftssichere IT-L\u00f6sungen f\u00fcr kleine und mittelst\u00e4ndische Unternehmen. Alexander verf\u00fcgt \u00fcber umfassende Erfahrung als IT-Projektleiter in den Bereichen IT-Infrastruktur, Netzwerksicherheit, Cloud-Integration und Service Management. [&hellip;]<\/p>\n","protected":false},"author":1,"featured_media":0,"parent":0,"menu_order":0,"comment_status":"closed","ping_status":"closed","template":"","meta":{"_breakdance_hide_in_design_set":false,"_breakdance_tags":"","footnotes":""},"class_list":["post-101","page","type-page","status-publish","hentry"],"_links":{"self":[{"href":"https:\/\/archivierung-experten.de\/en\/wp-json\/wp\/v2\/pages\/101","targetHints":{"allow":["GET"]}}],"collection":[{"href":"https:\/\/archivierung-experten.de\/en\/wp-json\/wp\/v2\/pages"}],"about":[{"href":"https:\/\/archivierung-experten.de\/en\/wp-json\/wp\/v2\/types\/page"}],"author":[{"embeddable":true,"href":"https:\/\/archivierung-experten.de\/en\/wp-json\/wp\/v2\/users\/1"}],"replies":[{"embeddable":true,"href":"https:\/\/archivierung-experten.de\/en\/wp-json\/wp\/v2\/comments?post=101"}],"version-history":[{"count":11,"href":"https:\/\/archivierung-experten.de\/en\/wp-json\/wp\/v2\/pages\/101\/revisions"}],"predecessor-version":[{"id":302,"href":"https:\/\/archivierung-experten.de\/en\/wp-json\/wp\/v2\/pages\/101\/revisions\/302"}],"wp:attachment":[{"href":"https:\/\/archivierung-experten.de\/en\/wp-json\/wp\/v2\/media?parent=101"}],"curies":[{"name":"wp","href":"https:\/\/api.w.org\/{rel}","templated":true}]}}