{"id":133,"date":"2025-02-27T21:00:59","date_gmt":"2025-02-27T20:00:59","guid":{"rendered":"https:\/\/archivierung-experten.de\/?page_id=133"},"modified":"2025-04-01T23:31:09","modified_gmt":"2025-04-01T21:31:09","slug":"losungen","status":"publish","type":"page","link":"https:\/\/archivierung-experten.de\/en\/losungen\/","title":{"rendered":"Solutions"},"content":{"rendered":"<section class=\"bde-section-133-100 bde-section\">\n  \n  \n\t\n\n\n\n<div class=\"section-container\"><div class=\"bde-back-to-top-133-195 bde-back-to-top bde-back-to-top--progress is-sticky\">\n\n\n<button aria-label=\"Back to top\" tabindex=\"0\" class=\"bde-back-to-top__button bde-back-to-top__button--progress bde-back-to-top__button--show-always bde-back-to-top__button--animation-fade is-sticky  js-ee-back-to-top\">\n    \t<svg class=\"bde-back-to-top__progress-svg js-progress-svg\" width=\"100%\" height=\"100%\" viewbox=\"-1 -1 102 102\">\n\t  <path class=\"background\" d=\"M50,1 a49,49 0 0,1 0,98 a49,49 0 0,1 0,-98\"\/>\n      <path class=\"tracker\" d=\"M50,1 a49,49 0 0,1 0,98 a49,49 0 0,1 0,-98\"\/>\n  \t<\/svg>\n         <div class=\"bde-back-to-top__icon-wrap\">\n              <svg xmlns=\"http:\/\/www.w3.org\/2000\/svg\" viewbox=\"0 0 384 512\"><!--! Font Awesome Pro 6.2.0 by @fontawesome - https:\/\/fontawesome.com License - https:\/\/fontawesome.com\/license (Commercial License) Copyright 2022 Fonticons, Inc. --><path d=\"M214.6 57.4L192 34.7 169.4 57.4l-144 144L2.7 224 48 269.2l22.6-22.6L160 157.2V448v32h64V448 157.2l89.4 89.4L336 269.2 381.3 224l-22.6-22.6-144-144z\"\/><\/svg>\n          <\/div>\n    <\/button>\n\n\n<\/div><h1 class=\"bde-heading-133-101 bde-heading\">\nIT-Betrieb & <br>Infrastrukturmanagement \u2013\n<\/h1><h1 class=\"bde-heading-133-193 bde-heading\">\nIT-Betrieb & <br>Infrastrukturmanagement \u2013\n<\/h1><h1 class=\"bde-heading-133-194 bde-heading\">\nIT-Betrieb & <br>Infrastruktur-<br>management <br>\u2013\n<\/h1><h2 class=\"bde-heading-133-102 bde-heading\">\nEfficient, Safe, Cost-Saving\n<\/h2><\/div>\n<\/section><section class=\"bde-section-133-103 bde-section\">\n  \n  \n\t\n\n\n\n<div class=\"section-container\"><div class=\"bde-columns-133-104 bde-columns\"><div class=\"bde-column-133-105 bde-column\">\n  \n  \n\t\n\n\n\n<h2 class=\"bde-heading-133-106 bde-heading\">\nYour IT in the best hands \u2013 We take over the operation of your IT infrastructure\n<\/h2><div class=\"bde-text-133-107 bde-text\">\nAs a decision-maker or owner of a medium-sized company, you know how critical a stable IT infrastructure is to your success. But the support, maintenance and optimization of your IT can be very expensive - especially if outdated or inefficient systems are in use.\n<\/div><div class=\"bde-text-133-138 bde-text\">\nWe take over the operation of your entire IT or individual components \u2013 efficiently, securely and with a clear focus on cost savings.\n<\/div>\n<\/div><div class=\"bde-column-133-108 bde-column\">\n  \n  \n\t\n\n\n\n<img decoding=\"async\" class=\"bde-image2-133-109 bde-image2\" src=\"http:\/\/archivierung-experten.de\/wp-content\/uploads\/2025\/02\/mail.webp\" loading=\"lazy\" srcset=\"https:\/\/archivierung-experten.de\/wp-content\/uploads\/2025\/02\/mail.webp 1024w, https:\/\/archivierung-experten.de\/wp-content\/uploads\/2025\/02\/mail-300x300.webp 300w, https:\/\/archivierung-experten.de\/wp-content\/uploads\/2025\/02\/mail-150x150.webp 150w, https:\/\/archivierung-experten.de\/wp-content\/uploads\/2025\/02\/mail-768x768.webp 768w\" sizes=\"(max-width: 1024px) 100vw, 1024px\">\n<\/div><\/div><\/div>\n<\/section><section class=\"bde-section-133-150 bde-section\">\n  \n  \n\t\n\n\n\n<div class=\"section-container\"><div class=\"bde-columns-133-151 bde-columns\"><div class=\"bde-column-133-152 bde-column\">\n  \n  \n\t\n\n\n\n<h2 class=\"bde-heading-133-153 bde-heading\">\nWhy us? \u2013 More efficiency, less costs\n<\/h2><div class=\"bde-text-133-154 bde-text\">\nWith our MailStore hosting solution, you get professional, powerful and audit-proof email archiving \u2013 hosted in our highly secure data center.\n<\/div>\n<\/div><div class=\"bde-column-133-156 bde-column\">\n  \n  \n\t\n\n\n\n<div class=\"bde-text-133-170 bde-text\">\nExperience &amp; Expertise:\n<\/div><div class=\"bde-text-133-158 bde-text\">\nDecades of experience in IT architecture, cloud migration and IT security make us a strong partner for your company.\n<\/div><div class=\"bde-text-133-159 bde-text\">\nRemote-first approach for maximum cost efficiency:\n<\/div><div class=\"bde-text-133-160 bde-text\">\nThanks to state-of-the-art monitoring and maintenance technologies, we can carry out most of the work remotely \u2013 this reduces your IT costs and ensures fast response times.\n<\/div><div class=\"bde-text-133-161 bde-text\">\nMaximum security &amp; stability:\n<\/div><div class=\"bde-text-133-162 bde-text\">\nOpen source solutions enable full transparency and control over your IT. In combination with our IT security know-how, we ensure a stable and secure infrastructure that is tailored precisely to your needs.\n<\/div>\n<\/div><div class=\"bde-column-133-163 bde-column\">\n  \n  \n\t\n\n\n\n<div class=\"bde-text-133-164 bde-text\">\nOpen source technologies for more flexibility &amp; lower costs:\n<\/div><div class=\"bde-text-133-165 bde-text\">\nWherever possible, we rely on open source solutions. These not only offer greater security, better customizability and stronger community support, but also save licensing costs - both in the short and long term. Instead of investing in expensive, proprietary software, we rely on powerful open source products that have proven themselves in practice.\n<\/div><div class=\"bde-text-133-166 bde-text\">\nNo need for your own IT department\n<\/div><div class=\"bde-text-133-167 bde-text\">\nYou don\u2019t need a large internal IT department \u2013 \u200b\u200bwe take care of everything or support your existing team where it is needed.\n<\/div>\n<\/div><\/div><\/div>\n<\/section><section class=\"bde-section-133-172 bde-section\">\n  \n  \n\t\n\n\n\n<div class=\"section-container\"><h2 class=\"bde-heading-133-173 bde-heading\">\nOur IT services for SMEs\n<\/h2><div class=\"bde-tabs-133-175 bde-tabs\">\n\n  \n        \n  \n  \n  <div class=\"bde-tabs__tabslist-container bde-tabs__tabslist-container--scrollable is-vertical js-tabs-container\">\n    <div class=\"bde-tabs__tabslist bde-tabs__tabslist--bar js-tablist\" role=\"tablist\" aria-label=\"Content tabs\" aria-orientation=\"vertical\" data-tabs-id=\"bde-tabs-133-175\">\n      \n              <button role=\"tab\" aria-selected=\"false\" class=\"bde-tabs__tab js-tab\" aria-controls=\"tab-panel-bde-tabs-133-175-1\" id=\"tab-bde-tabs-133-175-1\" data-value=\"1\">\n                      <span class=\"bde-tabs__tab-icon\"><svg xmlns=\"http:\/\/www.w3.org\/2000\/svg\" viewbox=\"0 0 512 512\"><!--! Font Awesome Free 6.5.1 by @fontawesome - https:\/\/fontawesome.com License - https:\/\/fontawesome.com\/license\/free (Icons: CC BY 4.0, Fonts: SIL OFL 1.1, Code: MIT License) Copyright 2023 Fonticons, Inc. --><path d=\"M256 96c38.4 0 73.7 13.5 101.3 36.1l-32.6 32.6c-4.6 4.6-5.9 11.5-3.5 17.4s8.3 9.9 14.8 9.9H448c8.8 0 16-7.2 16-16V64c0-6.5-3.9-12.3-9.9-14.8s-12.9-1.1-17.4 3.5l-34 34C363.4 52.6 312.1 32 256 32c-10.9 0-21.5 .8-32 2.3V99.2c10.3-2.1 21-3.2 32-3.2zM132.1 154.7l32.6 32.6c4.6 4.6 11.5 5.9 17.4 3.5s9.9-8.3 9.9-14.8V64c0-8.8-7.2-16-16-16H64c-6.5 0-12.3 3.9-14.8 9.9s-1.1 12.9 3.5 17.4l34 34C52.6 148.6 32 199.9 32 256c0 10.9 .8 21.5 2.3 32H99.2c-2.1-10.3-3.2-21-3.2-32c0-38.4 13.5-73.7 36.1-101.3zM477.7 224H412.8c2.1 10.3 3.2 21 3.2 32c0 38.4-13.5 73.7-36.1 101.3l-32.6-32.6c-4.6-4.6-11.5-5.9-17.4-3.5s-9.9 8.3-9.9 14.8V448c0 8.8 7.2 16 16 16H448c6.5 0 12.3-3.9 14.8-9.9s1.1-12.9-3.5-17.4l-34-34C459.4 363.4 480 312.1 480 256c0-10.9-.8-21.5-2.3-32zM256 416c-38.4 0-73.7-13.5-101.3-36.1l32.6-32.6c4.6-4.6 5.9-11.5 3.5-17.4s-8.3-9.9-14.8-9.9H64c-8.8 0-16 7.2-16 16l0 112c0 6.5 3.9 12.3 9.9 14.8s12.9 1.1 17.4-3.5l34-34C148.6 459.4 199.9 480 256 480c10.9 0 21.5-.8 32-2.3V412.8c-10.3 2.1-21 3.2-32 3.2z\"\/><\/svg><\/span>\n                    <span class=\"bde-tabs__tab-title\">Holistic IT support<\/span>\n        <\/button>\n              <button role=\"tab\" aria-selected=\"false\" class=\"bde-tabs__tab js-tab\" aria-controls=\"tab-panel-bde-tabs-133-175-2\" id=\"tab-bde-tabs-133-175-2\" data-value=\"2\">\n                      <span class=\"bde-tabs__tab-icon\"><svg xmlns=\"http:\/\/www.w3.org\/2000\/svg\" viewbox=\"0 0 512 512\"><!--! Font Awesome Free 6.5.1 by @fontawesome - https:\/\/fontawesome.com License - https:\/\/fontawesome.com\/license\/free (Icons: CC BY 4.0, Fonts: SIL OFL 1.1, Code: MIT License) Copyright 2023 Fonticons, Inc. --><path d=\"M64 32C28.7 32 0 60.7 0 96v64c0 35.3 28.7 64 64 64H448c35.3 0 64-28.7 64-64V96c0-35.3-28.7-64-64-64H64zm280 72a24 24 0 1 1 0 48 24 24 0 1 1 0-48zm48 24a24 24 0 1 1 48 0 24 24 0 1 1 -48 0zM64 288c-35.3 0-64 28.7-64 64v64c0 35.3 28.7 64 64 64H448c35.3 0 64-28.7 64-64V352c0-35.3-28.7-64-64-64H64zm280 72a24 24 0 1 1 0 48 24 24 0 1 1 0-48zm56 24a24 24 0 1 1 48 0 24 24 0 1 1 -48 0z\"\/><\/svg><\/span>\n                    <span class=\"bde-tabs__tab-title\">Partial IT outsourcing<\/span>\n        <\/button>\n              <button role=\"tab\" aria-selected=\"false\" class=\"bde-tabs__tab js-tab\" aria-controls=\"tab-panel-bde-tabs-133-175-3\" id=\"tab-bde-tabs-133-175-3\" data-value=\"3\">\n                      <span class=\"bde-tabs__tab-icon\"><svg xmlns=\"http:\/\/www.w3.org\/2000\/svg\" viewbox=\"0 0 512 512\"><!--! Font Awesome Free 6.5.1 by @fontawesome - https:\/\/fontawesome.com License - https:\/\/fontawesome.com\/license\/free (Icons: CC BY 4.0, Fonts: SIL OFL 1.1, Code: MIT License) Copyright 2023 Fonticons, Inc. --><path d=\"M256,16C123.452,16,16,123.452,16,256S123.452,496,256,496,496,388.548,496,256,388.548,16,256,16ZM121.69,429.122C70.056,388.972,36.741,326.322,36.741,256a218.519,218.519,0,0,1,9.587-64.122l102.9-17.895-.121,10.967-13.943,2.013s-.144,12.5-.144,19.549a12.778,12.778,0,0,0,4.887,10.349l9.468,7.4Zm105.692-283.27,8.48-7.618s6.934-5.38-.143-9.344c-7.188-4.024-39.53-34.5-39.53-34.5-5.348-5.477-8.257-7.347-15.46,0,0,0-32.342,30.474-39.529,34.5-7.078,3.964-.144,9.344-.144,9.344l8.481,7.618-.048,4.369L75.982,131.045c39.644-56.938,105.532-94.3,180.018-94.3A218.754,218.754,0,0,1,420.934,111.77l-193.512,37.7Zm34.063,329.269-33.9-250.857,9.467-7.4a12.778,12.778,0,0,0,4.888-10.349c0-7.044-.144-19.549-.144-19.549l-13.943-2.013-.116-10.474,241.711,31.391A218.872,218.872,0,0,1,475.259,256C475.259,375.074,379.831,472.212,261.445,475.121Z\"\/><\/svg><\/span>\n                    <span class=\"bde-tabs__tab-title\">Proactive Maintenance &amp; Monitoring<\/span>\n        <\/button>\n              <button role=\"tab\" aria-selected=\"false\" class=\"bde-tabs__tab js-tab\" aria-controls=\"tab-panel-bde-tabs-133-175-4\" id=\"tab-bde-tabs-133-175-4\" data-value=\"4\">\n                      <span class=\"bde-tabs__tab-icon\"><svg xmlns=\"http:\/\/www.w3.org\/2000\/svg\" viewbox=\"0 0 512 512\"><!--! Font Awesome Free 6.5.1 by @fontawesome - https:\/\/fontawesome.com License - https:\/\/fontawesome.com\/license\/free (Icons: CC BY 4.0, Fonts: SIL OFL 1.1, Code: MIT License) Copyright 2023 Fonticons, Inc. --><path d=\"M280 0C408.1 0 512 103.9 512 232c0 13.3-10.7 24-24 24s-24-10.7-24-24c0-101.6-82.4-184-184-184c-13.3 0-24-10.7-24-24s10.7-24 24-24zm8 192a32 32 0 1 1 0 64 32 32 0 1 1 0-64zm-32-72c0-13.3 10.7-24 24-24c75.1 0 136 60.9 136 136c0 13.3-10.7 24-24 24s-24-10.7-24-24c0-48.6-39.4-88-88-88c-13.3 0-24-10.7-24-24zM117.5 1.4c19.4-5.3 39.7 4.6 47.4 23.2l40 96c6.8 16.3 2.1 35.2-11.6 46.3L144 207.3c33.3 70.4 90.3 127.4 160.7 160.7L345 318.7c11.2-13.7 30-18.4 46.3-11.6l96 40c18.6 7.7 28.5 28 23.2 47.4l-24 88C481.8 499.9 466 512 448 512C200.6 512 0 311.4 0 64C0 46 12.1 30.2 29.5 25.4l88-24z\"\/><\/svg><\/span>\n                    <span class=\"bde-tabs__tab-title\">Support &amp; Helpdesk<\/span>\n        <\/button>\n              <button role=\"tab\" aria-selected=\"false\" class=\"bde-tabs__tab js-tab\" aria-controls=\"tab-panel-bde-tabs-133-175-5\" id=\"tab-bde-tabs-133-175-5\" data-value=\"5\">\n                      <span class=\"bde-tabs__tab-icon\"><svg xmlns=\"http:\/\/www.w3.org\/2000\/svg\" viewbox=\"0 0 576 512\"><!--! Font Awesome Free 6.5.1 by @fontawesome - https:\/\/fontawesome.com License - https:\/\/fontawesome.com\/license\/free (Icons: CC BY 4.0, Fonts: SIL OFL 1.1, Code: MIT License) Copyright 2023 Fonticons, Inc. --><path d=\"M384 480h48c11.4 0 21.9-6 27.6-15.9l112-192c5.8-9.9 5.8-22.1 .1-32.1S555.5 224 544 224H144c-11.4 0-21.9 6-27.6 15.9L48 357.1V96c0-8.8 7.2-16 16-16H181.5c4.2 0 8.3 1.7 11.3 4.7l26.5 26.5c21 21 49.5 32.8 79.2 32.8H416c8.8 0 16 7.2 16 16v32h48V160c0-35.3-28.7-64-64-64H298.5c-17 0-33.3-6.7-45.3-18.7L226.7 50.7c-12-12-28.3-18.7-45.3-18.7H64C28.7 32 0 60.7 0 96V416c0 35.3 28.7 64 64 64H87.7 384z\"\/><\/svg><\/span>\n                    <span class=\"bde-tabs__tab-title\">Open Source Consulting &amp; Implementation<\/span>\n        <\/button>\n          <\/div>\n  <\/div>\n\n  <div class=\"bde-tabs-content-container\">\n        <div tabindex=\"0\" role=\"tabpanel\" class=\"bde-tabs__panel js-panel\" id=\"tab-panel-bde-tabs-133-175-1\" aria-labelledby=\"tab-bde-tabs-133-175-1\">\n      <div class=\"bde-tabs__panel-content breakdance-rich-text-styles\"><h3><strong>Holistic IT support<\/strong><\/h3>\n<p>We take over the operation of your entire IT infrastructure \u2013 servers, networks, cloud environments and end devices.<\/p><\/div>\n    <\/div>\n        <div tabindex=\"0\" role=\"tabpanel\" class=\"bde-tabs__panel js-panel\" id=\"tab-panel-bde-tabs-133-175-2\" aria-labelledby=\"tab-bde-tabs-133-175-2\">\n      <div class=\"bde-tabs__panel-content breakdance-rich-text-styles\"><h3><strong>Partial IT outsourcing<\/strong><\/h3>\n<p>Do you only want to outsource individual areas, such as IT security, cloud management or network operations? No problem.<\/p><\/div>\n    <\/div>\n        <div tabindex=\"0\" role=\"tabpanel\" class=\"bde-tabs__panel js-panel\" id=\"tab-panel-bde-tabs-133-175-3\" aria-labelledby=\"tab-bde-tabs-133-175-3\">\n      <div class=\"bde-tabs__panel-content breakdance-rich-text-styles\"><h3><strong>Proactive Maintenance &amp; Monitoring<\/strong><\/h3>\n<p>By identifying problems at an early stage, we ensure <strong>stable and fail-safe IT operations<\/strong> -  around the clock.<br \/><br \/><\/p><\/div>\n    <\/div>\n        <div tabindex=\"0\" role=\"tabpanel\" class=\"bde-tabs__panel js-panel\" id=\"tab-panel-bde-tabs-133-175-4\" aria-labelledby=\"tab-bde-tabs-133-175-4\">\n      <div class=\"bde-tabs__panel-content breakdance-rich-text-styles\"><h3><strong>Support &amp; Helpdesk<\/strong><\/h3>\n<p>Your employees receive fast and reliable support without long waiting times.<\/p><\/div>\n    <\/div>\n        <div tabindex=\"0\" role=\"tabpanel\" class=\"bde-tabs__panel js-panel\" id=\"tab-panel-bde-tabs-133-175-5\" aria-labelledby=\"tab-bde-tabs-133-175-5\">\n      <div class=\"bde-tabs__panel-content breakdance-rich-text-styles\"><h3><strong>Open Source Consulting &amp; Implementation<\/strong><\/h3>\n<p>We advise you on the best open source alternatives for your IT infrastructure and help with a smooth implementation.<\/p><\/div>\n    <\/div>\n      <\/div>\n\n<\/div><\/div>\n<\/section><section class=\"bde-section-133-181 bde-section\">\n  \n  \n\t\n\n\n\n<div class=\"section-container\"><div class=\"bde-columns-133-182 bde-columns\"><div class=\"bde-column-133-183 bde-column\">\n  \n  \n\t\n\n\n\n<div class=\"bde-image-133-184 bde-image\">\n<figure class=\"breakdance-image breakdance-image--1028\">\n\t<div class=\"breakdance-image-container\">\n\t\t<div class=\"breakdance-image-clip\"><img loading=\"lazy\" decoding=\"async\" class=\"breakdance-image-object\" src=\"https:\/\/breakdancelibrary.com\/samba\/wp-content\/uploads\/sites\/2\/2023\/02\/artlipsky_Website_illustration_Starting_Rocket_on_isolated_whit_8b0898b6-f82b-4d50-90c0-d49fdecdf411.jpg\" width=\"2048\" height=\"2048\" srcset=\"https:\/\/breakdancelibrary.com\/samba\/wp-content\/uploads\/sites\/2\/2023\/02\/artlipsky_Website_illustration_Starting_Rocket_on_isolated_whit_8b0898b6-f82b-4d50-90c0-d49fdecdf411.jpg 2048w, https:\/\/breakdancelibrary.com\/samba\/wp-content\/uploads\/sites\/2\/2023\/02\/artlipsky_Website_illustration_Starting_Rocket_on_isolated_whit_8b0898b6-f82b-4d50-90c0-d49fdecdf411-300x300.jpg 300w, https:\/\/breakdancelibrary.com\/samba\/wp-content\/uploads\/sites\/2\/2023\/02\/artlipsky_Website_illustration_Starting_Rocket_on_isolated_whit_8b0898b6-f82b-4d50-90c0-d49fdecdf411-1024x1024.jpg 1024w, https:\/\/breakdancelibrary.com\/samba\/wp-content\/uploads\/sites\/2\/2023\/02\/artlipsky_Website_illustration_Starting_Rocket_on_isolated_whit_8b0898b6-f82b-4d50-90c0-d49fdecdf411-150x150.jpg 150w, https:\/\/breakdancelibrary.com\/samba\/wp-content\/uploads\/sites\/2\/2023\/02\/artlipsky_Website_illustration_Starting_Rocket_on_isolated_whit_8b0898b6-f82b-4d50-90c0-d49fdecdf411-768x768.jpg 768w, https:\/\/breakdancelibrary.com\/samba\/wp-content\/uploads\/sites\/2\/2023\/02\/artlipsky_Website_illustration_Starting_Rocket_on_isolated_whit_8b0898b6-f82b-4d50-90c0-d49fdecdf411-1536x1536.jpg 1536w\" sizes=\"auto, (max-width: 2048px) 100vw, 2048px\"><\/div>\n\t<\/div><\/figure>\n\n<\/div>\n<\/div><div class=\"bde-column-133-185 bde-column\">\n  \n  \n\t\n\n\n\n<div class=\"bde-text-133-186 bde-text\">\nSecure a non-binding initial consultation now.\n<\/div><h2 class=\"bde-heading-133-187 bde-heading\">\nRely on IT that saves costs and creates freedom\n<\/h2><div class=\"bde-text-133-188 bde-text\">\nWe take your company to the next level \u2013 with efficient, secure and cost-saving IT solutions.<br><br>Contact us \u2013 we will show you how you can optimize your IT!\n<\/div><div class=\"bde-div-133-189 bde-div\">\n  \n  \n\t\n\n\n\n<div class=\"bde-button-133-190 bde-button\">\n    \n                                    \n    \n    \n    \n    \n            \n                    \n            \n            \n\n    \n    \n    \n    \n    \n    <a class=\"breakdance-link button-atom button-atom--custom bde-button__button\" href=\"#kontakt\" target=\"_self\" data-type=\"url\"  >\n\n    \n        <span class=\"button-atom__text\">Contact<\/span>\n\n        \n        \n                <\/a>\n\n    \n\n\n<\/div><div class=\"bde-button-133-191 bde-button\">\n    \n                                    \n    \n    \n    \n    \n            \n                    \n            \n            \n\n    \n    \n    \n    \n    \n    <a class=\"breakdance-link button-atom button-atom--custom bde-button__button\" href=\"https:\/\/archivierung-experten.de\/en\/shop\/\" target=\"_self\" data-type=\"url\"  >\n\n    \n        <span class=\"button-atom__text\">Shop<\/span>\n\n        \n        \n                <\/a>\n\n    \n\n\n<\/div>\n<\/div>\n<\/div><\/div><\/div>\n<\/section>","protected":false},"excerpt":{"rendered":"<p>IT-Betrieb &#038; Infrastrukturmanagement \u2013 IT-Betrieb &#038; Infrastrukturmanagement \u2013 IT-Betrieb &#038; Infrastruktur-management \u2013 Effizient, Sicher, Kostensparend Ihre IT in besten H\u00e4nden \u2013 Wir \u00fcbernehmen den Betrieb Ihrer IT-Infrastruktur Als Entscheider oder Eigent\u00fcmer eines mittelst\u00e4ndischen Unternehmens wissen Sie, wie kritisch eine stabile IT-Infrastruktur f\u00fcr Ihren Erfolg ist. Doch die Betreuung, Wartung und Optimierung Ihrer IT kann hohe [&hellip;]<\/p>\n","protected":false},"author":1,"featured_media":0,"parent":0,"menu_order":0,"comment_status":"closed","ping_status":"closed","template":"","meta":{"_breakdance_hide_in_design_set":false,"_breakdance_tags":"","footnotes":""},"class_list":["post-133","page","type-page","status-publish","hentry"],"_links":{"self":[{"href":"https:\/\/archivierung-experten.de\/en\/wp-json\/wp\/v2\/pages\/133","targetHints":{"allow":["GET"]}}],"collection":[{"href":"https:\/\/archivierung-experten.de\/en\/wp-json\/wp\/v2\/pages"}],"about":[{"href":"https:\/\/archivierung-experten.de\/en\/wp-json\/wp\/v2\/types\/page"}],"author":[{"embeddable":true,"href":"https:\/\/archivierung-experten.de\/en\/wp-json\/wp\/v2\/users\/1"}],"replies":[{"embeddable":true,"href":"https:\/\/archivierung-experten.de\/en\/wp-json\/wp\/v2\/comments?post=133"}],"version-history":[{"count":15,"href":"https:\/\/archivierung-experten.de\/en\/wp-json\/wp\/v2\/pages\/133\/revisions"}],"predecessor-version":[{"id":303,"href":"https:\/\/archivierung-experten.de\/en\/wp-json\/wp\/v2\/pages\/133\/revisions\/303"}],"wp:attachment":[{"href":"https:\/\/archivierung-experten.de\/en\/wp-json\/wp\/v2\/media?parent=133"}],"curies":[{"name":"wp","href":"https:\/\/api.w.org\/{rel}","templated":true}]}}