{"id":308,"date":"2025-04-01T23:33:54","date_gmt":"2025-04-01T21:33:54","guid":{"rendered":"https:\/\/archivierung-experten.de\/?page_id=308"},"modified":"2025-04-27T18:37:48","modified_gmt":"2025-04-27T16:37:48","slug":"datenschutz","status":"publish","type":"page","link":"https:\/\/archivierung-experten.de\/en\/datenschutz\/","title":{"rendered":"Privacy"},"content":{"rendered":"<section class=\"bde-section-308-101 bde-section\">\n  \n  \n\t\n\n\n\n<div class=\"section-container\"><div class=\"bde-back-to-top-308-102 bde-back-to-top bde-back-to-top--progress is-sticky\">\n\n\n<button aria-label=\"Back to top\" tabindex=\"0\" class=\"bde-back-to-top__button bde-back-to-top__button--progress bde-back-to-top__button--show-always bde-back-to-top__button--animation-fade is-sticky  js-ee-back-to-top\">\n    \t<svg class=\"bde-back-to-top__progress-svg js-progress-svg\" width=\"100%\" height=\"100%\" viewbox=\"-1 -1 102 102\">\n\t  <path class=\"background\" d=\"M50,1 a49,49 0 0,1 0,98 a49,49 0 0,1 0,-98\"\/>\n      <path class=\"tracker\" d=\"M50,1 a49,49 0 0,1 0,98 a49,49 0 0,1 0,-98\"\/>\n  \t<\/svg>\n         <div class=\"bde-back-to-top__icon-wrap\">\n              <svg xmlns=\"http:\/\/www.w3.org\/2000\/svg\" viewbox=\"0 0 384 512\"><!--! Font Awesome Pro 6.2.0 by @fontawesome - https:\/\/fontawesome.com License - https:\/\/fontawesome.com\/license (Commercial License) Copyright 2022 Fonticons, Inc. --><path d=\"M214.6 57.4L192 34.7 169.4 57.4l-144 144L2.7 224 48 269.2l22.6-22.6L160 157.2V448v32h64V448 157.2l89.4 89.4L336 269.2 381.3 224l-22.6-22.6-144-144z\"\/><\/svg>\n          <\/div>\n    <\/button>\n\n\n<\/div><h1 class=\"bde-heading-308-103 bde-heading\">\nPrivacy\n<\/h1><\/div>\n<\/section><section class=\"bde-section-308-104 bde-section\">\n  \n  \n\t\n\n\n\n<div class=\"section-container\"><div class=\"bde-rich-text-308-105 bde-rich-text breakdance-rich-text-styles\">\n<h2><\/h2>\n<h2 class=\"wp-block-heading\" data-start=\"225\" data-end=\"248\">1. Diensteanbieter<\/h2>\n<p class=\"\" data-start=\"249\" data-end=\"336\">Varna Informationstechnologie EOOD<br data-start=\"283\" data-end=\"286\" \/>Seliolu 3, App. 11<br data-start=\"304\" data-end=\"307\" \/>BG \u2013 9002 Varna<br data-start=\"322\" data-end=\"325\" \/>Bulgarien<\/p>\n<p class=\"\" data-start=\"399\" data-end=\"517\">Vertretungsberechtigter: Alexander K\u00fchn (Gesch\u00e4ftsf\u00fchrer)<br data-start=\"456\" data-end=\"459\" \/>Umsatzsteuer-Identifikationsnummer (USt-ID): BG207204518<\/p>\n<h2 class=\"\" data-start=\"524\" data-end=\"552\">2. Kontaktm\u00f6glichkeiten<\/h2>\n<p class=\"\" data-start=\"553\" data-end=\"649\">E-Mail-Adresse: <a class=\"cursor-pointer\" rel=\"noopener\" data-start=\"569\" data-end=\"587\">kontakt@varnait.eu<\/a><br data-start=\"587\" data-end=\"590\" \/>Telefon: +49-15151564140<br data-start=\"614\" data-end=\"617\" \/><a href=\"#kontakt\">Kontaktformular<\/a><\/p>\n<h2 class=\"\" data-start=\"656\" data-end=\"705\">3. Allgemeine Hinweise zur Datenverarbeitung<\/h2>\n<p class=\"\" data-start=\"706\" data-end=\"995\">Wir nehmen den Schutz Ihrer pers\u00f6nlichen Daten sehr ernst. Personenbezogene Daten werden auf dieser Website nur im notwendigen Umfang verarbeitet. Die Verarbeitung erfolgt stets im Einklang mit der Datenschutz-Grundverordnung (DSGVO) sowie den landesspezifischen Datenschutzbestimmungen.<\/p>\n<h2 class=\"\" data-start=\"1002\" data-end=\"1099\">4. Erhebung und Speicherung personenbezogener Daten sowie Art und Zweck von deren Verwendung<\/h2>\n<h3 class=\"\" data-start=\"1101\" data-end=\"1134\">4.1 Beim Besuch der Website<\/h3>\n<p class=\"\" data-start=\"1135\" data-end=\"1332\">Beim Aufrufen unserer Website werden durch den auf Ihrem Endger\u00e4t eingesetzten Browser automatisch Informationen an unseren Server \u00fcbermittelt und tempor\u00e4r in einem sogenannten Logfile gespeichert.<\/p>\n<p class=\"\" data-start=\"1334\" data-end=\"1349\">Erhobene Daten:<\/p>\n<ul data-start=\"1350\" data-end=\"1548\">\n<li class=\"\" data-start=\"1350\" data-end=\"1387\">\n<p class=\"\" data-start=\"1352\" data-end=\"1387\">IP-Adresse des anfragenden Rechners<\/p>\n<\/li>\n<li class=\"\" data-start=\"1388\" data-end=\"1420\">\n<p class=\"\" data-start=\"1390\" data-end=\"1420\">Datum und Uhrzeit des Zugriffs<\/p>\n<\/li>\n<li class=\"\" data-start=\"1421\" data-end=\"1457\">\n<p class=\"\" data-start=\"1423\" data-end=\"1457\">Name und URL der abgerufenen Datei<\/p>\n<\/li>\n<li class=\"\" data-start=\"1458\" data-end=\"1472\">\n<p class=\"\" data-start=\"1460\" data-end=\"1472\">Referrer-URL<\/p>\n<\/li>\n<li class=\"\" data-start=\"1473\" data-end=\"1518\">\n<p class=\"\" data-start=\"1475\" data-end=\"1518\">Verwendeter Browser und ggf. Betriebssystem<\/p>\n<\/li>\n<li class=\"\" data-start=\"1519\" data-end=\"1548\">\n<p class=\"\" data-start=\"1521\" data-end=\"1548\">Name Ihres Access-Providers<\/p>\n<\/li>\n<\/ul>\n<p class=\"\" data-start=\"1550\" data-end=\"1574\">Zwecke der Verarbeitung:<\/p>\n<ul data-start=\"1575\" data-end=\"1736\">\n<li class=\"\" data-start=\"1575\" data-end=\"1630\">\n<p class=\"\" data-start=\"1577\" data-end=\"1630\">Gew\u00e4hrleistung eines reibungslosen Verbindungsaufbaus<\/p>\n<\/li>\n<li class=\"\" data-start=\"1631\" data-end=\"1686\">\n<p class=\"\" data-start=\"1633\" data-end=\"1686\">Gew\u00e4hrleistung einer komfortablen Nutzung der Website<\/p>\n<\/li>\n<li class=\"\" data-start=\"1687\" data-end=\"1736\">\n<p class=\"\" data-start=\"1689\" data-end=\"1736\">Auswertung der Systemsicherheit und -stabilit\u00e4t<\/p>\n<\/li>\n<\/ul>\n<p class=\"\" data-start=\"1738\" data-end=\"1809\">Rechtsgrundlage: Art. 6 Abs. 1 lit. f DSGVO (berechtigtes Interesse).<\/p>\n<h3 class=\"\" data-start=\"1816\" data-end=\"1859\">4.2 Cookies und Tracking-Technologien<\/h3>\n<p class=\"\" data-start=\"1860\" data-end=\"2058\">Zur Verwaltung der eingesetzten Cookies und \u00e4hnlichen Technologien (z. B. Tracking-Pixel, Web-Beacons) sowie der diesbez\u00fcglichen Einwilligungen verwenden wir das Consent-Tool \u201eReal Cookie Banner\u201c.<\/p>\n<p class=\"\" data-start=\"2060\" data-end=\"2267\">Details zur Funktionsweise von \u201eReal Cookie Banner\u201c finden Sie unter:<br data-start=\"2129\" data-end=\"2132\" \/>&lt;a href=&quot;https:\/\/devowl.io\/de\/rcb\/datenverarbeitung\/&quot; target=&quot;_blank&quot; rel=&quot;noreferrer&quot;&gt;<a class=\"\" href=\"https:\/\/devowl.io\/de\/rcb\/datenverarbeitung\/\" target=\"_new\" rel=\"noopener\" data-start=\"2219\" data-end=\"2262\">https:\/\/devowl.io\/de\/rcb\/datenverarbeitung\/<\/a>&lt;\/a&gt;.<\/p>\n<p class=\"\" data-start=\"2269\" data-end=\"2290\"><strong data-start=\"2269\" data-end=\"2290\">Rechtsgrundlagen:<\/strong><\/p>\n<ul data-start=\"2291\" data-end=\"2400\">\n<li class=\"\" data-start=\"2291\" data-end=\"2346\">\n<p class=\"\" data-start=\"2293\" data-end=\"2346\">Art. 6 Abs. 1 lit. c DSGVO (rechtliche Verpflichtung)<\/p>\n<\/li>\n<li class=\"\" data-start=\"2347\" data-end=\"2400\">\n<p class=\"\" data-start=\"2349\" data-end=\"2400\">Art. 6 Abs. 1 lit. f DSGVO (berechtigtes Interesse)<\/p>\n<\/li>\n<\/ul>\n<p class=\"\" data-start=\"2402\" data-end=\"2684\">Unser berechtigtes Interesse liegt in der Verwaltung der eingesetzten Cookies und Technologien sowie der Einholung und Dokumentation von Einwilligungen.<br data-start=\"2554\" data-end=\"2557\" \/>Technisch nicht notwendige Cookies werden erst nach Ihrer ausdr\u00fccklichen Einwilligung gem\u00e4\u00df Art. 6 Abs. 1 lit. a DSGVO gesetzt.<\/p>\n<p class=\"\" data-start=\"2686\" data-end=\"2836\">Hinweis:<br data-start=\"2694\" data-end=\"2697\" \/>Die Bereitstellung Ihrer personenbezogenen Daten ist freiwillig. Ohne Bereitstellung k\u00f6nnen wir Ihre Einwilligungen jedoch nicht verwalten.<\/p>\n<h3 class=\"\" data-start=\"2843\" data-end=\"2883\">4.3 Nutzung von Plug-ins und Tools<\/h3>\n<p class=\"\" data-start=\"2885\" data-end=\"3145\"><strong data-start=\"2885\" data-end=\"2901\">Google Fonts<\/strong><br data-start=\"2901\" data-end=\"2904\" \/>Unsere Website verwendet Google Fonts der Google Ireland Limited zur einheitlichen Darstellung von Schriftarten. Beim Aufruf der Website l\u00e4dt Ihr Browser die ben\u00f6tigten Fonts direkt von Google-Servern. Dabei wird Ihre IP-Adresse \u00fcbermittelt.<\/p>\n<p class=\"\" data-start=\"3147\" data-end=\"3321\">Hinweis auf Drittland\u00fcbertragung:<br data-start=\"3180\" data-end=\"3183\" \/>Es kann nicht ausgeschlossen werden, dass Daten in die USA \u00fcbertragen werden. Wir haben mit Google Standardvertragsklauseln abgeschlossen.<\/p>\n<p class=\"\" data-start=\"3323\" data-end=\"3347\">Weitere Informationen:<\/p>\n<ul data-start=\"3348\" data-end=\"3502\">\n<li class=\"\" data-start=\"3348\" data-end=\"3433\">\n<p class=\"\" data-start=\"3350\" data-end=\"3433\"><a class=\"cursor-pointer\" target=\"_new\" rel=\"noopener\" data-start=\"3350\" data-end=\"3433\">Google Fonts Datenschutzhinweise<\/a><\/p>\n<\/li>\n<li class=\"\" data-start=\"3434\" data-end=\"3502\">\n<p class=\"\" data-start=\"3436\" data-end=\"3502\"><a class=\"cursor-pointer\" target=\"_new\" rel=\"noopener\" data-start=\"3436\" data-end=\"3502\">Google Datenschutzerkl\u00e4rung<\/a><\/p>\n<\/li>\n<\/ul>\n<p class=\"\" data-start=\"3509\" data-end=\"3722\"><strong data-start=\"3509\" data-end=\"3521\">Gravatar<\/strong><br data-start=\"3521\" data-end=\"3524\" \/>F\u00fcr die Darstellung von Benutzerbildern bei Kommentaren nutzen wir Gravatar, einen Dienst der Automattic Inc. Bei der Nutzung wird eine gehashte Version Ihrer E-Mail-Adresse an Gravatar \u00fcbermittelt.<\/p>\n<p class=\"\" data-start=\"3724\" data-end=\"3748\">Weitere Informationen:<\/p>\n<ul data-start=\"3749\" data-end=\"3817\">\n<li class=\"\" data-start=\"3749\" data-end=\"3817\">\n<p class=\"\" data-start=\"3751\" data-end=\"3817\"><a class=\"cursor-pointer\" target=\"_new\" rel=\"noopener\" data-start=\"3751\" data-end=\"3817\">Automattic Datenschutzerkl\u00e4rung<\/a><\/p>\n<\/li>\n<\/ul>\n<p class=\"\" data-start=\"3824\" data-end=\"4069\"><strong data-start=\"3824\" data-end=\"3842\">TranslatePress<\/strong><br data-start=\"3842\" data-end=\"3845\" \/>Diese Website verwendet TranslatePress zur Darstellung mehrsprachiger Inhalte. TranslatePress kann Informationen \u00fcber Ihren Browser und Interaktionen mit Sprachumschaltern speichern, in der Regel ohne direkten Personenbezug.<\/p>\n<p class=\"\" data-start=\"4071\" data-end=\"4095\">Weitere Informationen:<\/p>\n<ul data-start=\"4096\" data-end=\"4183\">\n<li class=\"\" data-start=\"4096\" data-end=\"4183\">\n<p class=\"\" data-start=\"4098\" data-end=\"4183\"><a class=\"cursor-pointer\" target=\"_new\" rel=\"noopener\" data-start=\"4098\" data-end=\"4183\">TranslatePress Datenschutzinformationen<\/a><\/p>\n<\/li>\n<\/ul>\n<p class=\"\" data-start=\"4190\" data-end=\"4417\"><strong data-start=\"4190\" data-end=\"4199\">UNPKG<\/strong><br data-start=\"4199\" data-end=\"4202\" \/>F\u00fcr die Bereitstellung von JavaScript- und CSS-Dateien nutzen wir das CDN UNPKG. Beim Abruf von Inhalten k\u00f6nnen Ihre IP-Adresse und weitere Browserdaten an Server, m\u00f6glicherweise au\u00dferhalb der EU, \u00fcbertragen werden.<\/p>\n<p class=\"\" data-start=\"4419\" data-end=\"4443\">Weitere Informationen:<\/p>\n<ul data-start=\"4444\" data-end=\"4513\">\n<li class=\"\" data-start=\"4444\" data-end=\"4513\">\n<p class=\"\" data-start=\"4446\" data-end=\"4513\"><a class=\"cursor-pointer\" target=\"_new\" rel=\"noopener\" data-start=\"4446\" data-end=\"4513\">UNPKG Datenschutzinformationen<\/a><\/p>\n<\/li>\n<\/ul>\n<p class=\"\" data-start=\"4520\" data-end=\"4719\"><strong data-start=\"4520\" data-end=\"4535\">WooCommerce<\/strong><br data-start=\"4535\" data-end=\"4538\" \/>Unsere Website nutzt WooCommerce zur Verwaltung von Produkten und Bestellungen. Dabei werden personenbezogene Daten (z. B. Name, Adresse, Zahlungsdaten) gespeichert und verarbeitet.<\/p>\n<p class=\"\" data-start=\"4721\" data-end=\"4745\">Weitere Informationen:<\/p>\n<ul data-start=\"4746\" data-end=\"4842\">\n<li class=\"\" data-start=\"4746\" data-end=\"4842\">\n<p class=\"\" data-start=\"4748\" data-end=\"4842\"><a class=\"cursor-pointer\" target=\"_new\" rel=\"noopener\" data-start=\"4748\" data-end=\"4842\">WooCommerce Datenschutzerkl\u00e4rung<\/a><\/p>\n<\/li>\n<\/ul>\n<h2 class=\"\" data-start=\"4849\" data-end=\"4872\">5. Kontaktaufnahme<\/h2>\n<p class=\"\" data-start=\"4873\" data-end=\"5046\">Bei einer Kontaktaufnahme per E-Mail oder Kontaktformular werden die von Ihnen \u00fcbermittelten Daten (z. B. Name, E-Mail-Adresse) verarbeitet, um Ihre Anfrage zu bearbeiten.<\/p>\n<p class=\"\" data-start=\"5048\" data-end=\"5159\">Rechtsgrundlage: Art. 6 Abs. 1 lit. b DSGVO (Vertragserf\u00fcllung oder Durchf\u00fchrung vorvertraglicher Ma\u00dfnahmen).<\/p>\n<p class=\"\" data-start=\"5161\" data-end=\"5234\">Hinweis:<br data-start=\"5169\" data-end=\"5172\" \/>Die \u00dcbertragung Ihrer Daten erfolgt verschl\u00fcsselt via SSL\/TLS.<\/p>\n<h2 class=\"\" data-start=\"5241\" data-end=\"5266\">6. Betroffenenrechte<\/h2>\n<p class=\"\" data-start=\"5267\" data-end=\"5299\">Sie haben jederzeit das Recht:<\/p>\n<ul data-start=\"5300\" data-end=\"5776\">\n<li class=\"\" data-start=\"5300\" data-end=\"5394\">\n<p class=\"\" data-start=\"5302\" data-end=\"5394\">gem\u00e4\u00df Art. 15 DSGVO Auskunft \u00fcber Ihre gespeicherten personenbezogenen Daten zu verlangen,<\/p>\n<\/li>\n<li class=\"\" data-start=\"5395\" data-end=\"5463\">\n<p class=\"\" data-start=\"5397\" data-end=\"5463\">gem\u00e4\u00df Art. 16 DSGVO Berichtigung unrichtiger Daten zu verlangen,<\/p>\n<\/li>\n<li class=\"\" data-start=\"5464\" data-end=\"5522\">\n<p class=\"\" data-start=\"5466\" data-end=\"5522\">gem\u00e4\u00df Art. 17 DSGVO L\u00f6schung Ihrer Daten zu verlangen,<\/p>\n<\/li>\n<li class=\"\" data-start=\"5523\" data-end=\"5591\">\n<p class=\"\" data-start=\"5525\" data-end=\"5591\">gem\u00e4\u00df Art. 18 DSGVO Einschr\u00e4nkung der Verarbeitung zu verlangen,<\/p>\n<\/li>\n<li class=\"\" data-start=\"5592\" data-end=\"5702\">\n<p class=\"\" data-start=\"5594\" data-end=\"5702\">gem\u00e4\u00df Art. 20 DSGVO Ihre Daten in einem strukturierten, g\u00e4ngigen und maschinenlesbaren Format zu erhalten,<\/p>\n<\/li>\n<li class=\"\" data-start=\"5703\" data-end=\"5776\">\n<p class=\"\" data-start=\"5705\" data-end=\"5776\">gem\u00e4\u00df Art. 77 DSGVO Beschwerde bei einer Aufsichtsbeh\u00f6rde einzulegen.<\/p>\n<\/li>\n<\/ul>\n<p class=\"\" data-start=\"5778\" data-end=\"5935\"><strong data-start=\"5778\" data-end=\"5822\">Zust\u00e4ndige Aufsichtsbeh\u00f6rde (Bulgarien):<\/strong><br data-start=\"5822\" data-end=\"5825\" \/>Kommission f\u00fcr den Schutz personenbezogener Daten (CPDP)<br data-start=\"5881\" data-end=\"5884\" \/>Website: <a class=\"\" href=\"https:\/\/www.cpdp.bg\" target=\"_new\" rel=\"noopener\" data-start=\"5893\" data-end=\"5935\">https:\/\/www.cpdp.bg<\/a><\/p>\n<h3 class=\"\" data-start=\"5942\" data-end=\"5975\">Widerruf von Einwilligungen<\/h3>\n<p class=\"\" data-start=\"5976\" data-end=\"6063\">Sie k\u00f6nnen eine erteilte Einwilligung jederzeit mit Wirkung f\u00fcr die Zukunft widerrufen.<\/p>\n<h3 class=\"\" data-start=\"6070\" data-end=\"6093\">Widerspruchsrecht<\/h3>\n<p class=\"\" data-start=\"6094\" data-end=\"6264\">Verarbeiten wir Ihre personenbezogenen Daten auf Basis berechtigter Interessen gem\u00e4\u00df Art. 6 Abs. 1 lit. f DSGVO, k\u00f6nnen Sie Widerspruch gegen die Verarbeitung einlegen.<\/p>\n<h2 class=\"\" data-start=\"6271\" data-end=\"6294\">7. Datensicherheit<\/h2>\n<p class=\"\" data-start=\"6295\" data-end=\"6421\">Wir verwenden auf unserer Website das SSL-\/TLS-Verschl\u00fcsselungsverfahren, um Ihre Daten w\u00e4hrend der \u00dcbertragung zu sch\u00fctzen.<\/p>\n<p class=\"\" data-start=\"6423\" data-end=\"6737\">Der Zugriff auf personenbezogene Daten erfolgt ausschlie\u00dflich durch autorisierte Personen, die zur Vertraulichkeit verpflichtet sind. Wir treffen geeignete technische und organisatorische Sicherheitsma\u00dfnahmen, um Ihre Daten gegen Manipulation, Verlust, Zerst\u00f6rung oder gegen unbefugte Zugriffe Dritter zu sch\u00fctzen.<\/p>\n<h2><\/h2>\n<\/div><\/div>\n<\/section>","protected":false},"excerpt":{"rendered":"<p>Datenschutz 1. Diensteanbieter Varna Informationstechnologie EOODSeliolu 3, App. 11BG \u2013 9002 VarnaBulgarien Vertretungsberechtigter: Alexander K\u00fchn (Gesch\u00e4ftsf\u00fchrer)Umsatzsteuer-Identifikationsnummer (USt-ID): BG207204518 2. Kontaktm\u00f6glichkeiten E-Mail-Adresse: kontakt@varnait.euTelefon: +49-15151564140Kontaktformular 3. Allgemeine Hinweise zur Datenverarbeitung Wir nehmen den Schutz Ihrer pers\u00f6nlichen Daten sehr ernst. Personenbezogene Daten werden auf dieser Website nur im notwendigen Umfang verarbeitet. Die Verarbeitung erfolgt stets im Einklang mit [&hellip;]<\/p>\n","protected":false},"author":1,"featured_media":0,"parent":0,"menu_order":0,"comment_status":"closed","ping_status":"closed","template":"","meta":{"_breakdance_hide_in_design_set":false,"_breakdance_tags":"","footnotes":""},"class_list":["post-308","page","type-page","status-publish","hentry"],"_links":{"self":[{"href":"https:\/\/archivierung-experten.de\/en\/wp-json\/wp\/v2\/pages\/308","targetHints":{"allow":["GET"]}}],"collection":[{"href":"https:\/\/archivierung-experten.de\/en\/wp-json\/wp\/v2\/pages"}],"about":[{"href":"https:\/\/archivierung-experten.de\/en\/wp-json\/wp\/v2\/types\/page"}],"author":[{"embeddable":true,"href":"https:\/\/archivierung-experten.de\/en\/wp-json\/wp\/v2\/users\/1"}],"replies":[{"embeddable":true,"href":"https:\/\/archivierung-experten.de\/en\/wp-json\/wp\/v2\/comments?post=308"}],"version-history":[{"count":4,"href":"https:\/\/archivierung-experten.de\/en\/wp-json\/wp\/v2\/pages\/308\/revisions"}],"predecessor-version":[{"id":386,"href":"https:\/\/archivierung-experten.de\/en\/wp-json\/wp\/v2\/pages\/308\/revisions\/386"}],"wp:attachment":[{"href":"https:\/\/archivierung-experten.de\/en\/wp-json\/wp\/v2\/media?parent=308"}],"curies":[{"name":"wp","href":"https:\/\/api.w.org\/{rel}","templated":true}]}}