{"id":55,"date":"2025-02-24T17:59:58","date_gmt":"2025-02-24T17:59:58","guid":{"rendered":"https:\/\/archivierung-experten.de\/?page_id=55"},"modified":"2025-04-01T23:32:59","modified_gmt":"2025-04-01T21:32:59","slug":"impressum","status":"publish","type":"page","link":"https:\/\/archivierung-experten.de\/en\/impressum\/","title":{"rendered":"Imprint"},"content":{"rendered":"<section class=\"bde-section-55-102 bde-section\">\n  \n  \n\t\n\n\n\n<div class=\"section-container\"><div class=\"bde-back-to-top-55-104 bde-back-to-top bde-back-to-top--progress is-sticky\">\n\n\n<button aria-label=\"Back to top\" tabindex=\"0\" class=\"bde-back-to-top__button bde-back-to-top__button--progress bde-back-to-top__button--show-always bde-back-to-top__button--animation-fade is-sticky  js-ee-back-to-top\">\n    \t<svg class=\"bde-back-to-top__progress-svg js-progress-svg\" width=\"100%\" height=\"100%\" viewbox=\"-1 -1 102 102\">\n\t  <path class=\"background\" d=\"M50,1 a49,49 0 0,1 0,98 a49,49 0 0,1 0,-98\"\/>\n      <path class=\"tracker\" d=\"M50,1 a49,49 0 0,1 0,98 a49,49 0 0,1 0,-98\"\/>\n  \t<\/svg>\n         <div class=\"bde-back-to-top__icon-wrap\">\n              <svg xmlns=\"http:\/\/www.w3.org\/2000\/svg\" viewbox=\"0 0 384 512\"><!--! Font Awesome Pro 6.2.0 by @fontawesome - https:\/\/fontawesome.com License - https:\/\/fontawesome.com\/license (Commercial License) Copyright 2022 Fonticons, Inc. --><path d=\"M214.6 57.4L192 34.7 169.4 57.4l-144 144L2.7 224 48 269.2l22.6-22.6L160 157.2V448v32h64V448 157.2l89.4 89.4L336 269.2 381.3 224l-22.6-22.6-144-144z\"\/><\/svg>\n          <\/div>\n    <\/button>\n\n\n<\/div><h1 class=\"bde-heading-55-103 bde-heading\">\nImprint\n<\/h1><\/div>\n<\/section><section class=\"bde-section-55-100 bde-section\">\n  \n  \n\t\n\n\n\n<div class=\"section-container\"><div class=\"bde-rich-text-55-101 bde-rich-text breakdance-rich-text-styles\">\n<h2><\/h2>\n<h2 id=\"m46\" class=\"wp-block-heading\">Diensteanbieter<\/h2>\n<h2> <\/h2>\n<p>Varna Informationstechnologie EOOD<br \/>Seliolu 3, App. 11<br \/>BG \u2013 9002 Varna<br \/>Bulgarien<\/p>\n<h2> <\/h2>\n<h2 id=\"m56\" class=\"wp-block-heading\">Kontaktm\u00f6glichkeiten<\/h2>\n<h2> <\/h2>\n<p>E-Mail-Adresse: <a href=\"mailto:kontakt@varnait.eu\">kontakt@varnait.eu<\/a><br \/>Telefon: +49-15151564140<br \/><a href=\"#kontakt\">Kontaktformular<\/a><\/p>\n<h2> <\/h2>\n<h2 id=\"m153\" class=\"wp-block-heading\">Vertretungsberechtigte Personen<\/h2>\n<h2> <\/h2>\n<p>Vertretungsberechtigt: Alexander K\u00fchn (Gesch\u00e4ftsf\u00fchrer)<\/p>\n<h2> <\/h2>\n<h2 id=\"m58\" class=\"wp-block-heading\">Angaben zum Unternehmen<\/h2>\n<h2> <\/h2>\n<p>Umsatzsteuer Identifikationsnummer (USt-ID): BG207204518<\/p>\n<h2> <\/h2>\n<h2 id=\"m174\" class=\"wp-block-heading\">Streitschlichtung und Verbraucherstreitbeilegung<\/h2>\n<h2> <\/h2>\n<p>Wir sind nicht bereit und nicht verpflichtet an einem Streitbeilegungsverfahren vor einer Verbraucherstreitschlichtungsstelle teilzunehmen.<\/p>\n<h2><\/h2>\n<\/div><\/div>\n<\/section>","protected":false},"excerpt":{"rendered":"<p>Impressum Diensteanbieter Varna Informationstechnologie EOODSeliolu 3, App. 11BG \u2013 9002 VarnaBulgarien Kontaktm\u00f6glichkeiten E-Mail-Adresse: kontakt@varnait.euTelefon: +49-15151564140Kontaktformular Vertretungsberechtigte Personen Vertretungsberechtigt: Alexander K\u00fchn (Gesch\u00e4ftsf\u00fchrer) Angaben zum Unternehmen Umsatzsteuer Identifikationsnummer (USt-ID): BG207204518 Streitschlichtung und Verbraucherstreitbeilegung Wir sind nicht bereit und nicht verpflichtet an einem Streitbeilegungsverfahren vor einer Verbraucherstreitschlichtungsstelle teilzunehmen.<\/p>","protected":false},"author":1,"featured_media":0,"parent":0,"menu_order":0,"comment_status":"closed","ping_status":"closed","template":"","meta":{"_breakdance_hide_in_design_set":false,"_breakdance_tags":"","footnotes":""},"class_list":["post-55","page","type-page","status-publish","hentry"],"_links":{"self":[{"href":"https:\/\/archivierung-experten.de\/en\/wp-json\/wp\/v2\/pages\/55","targetHints":{"allow":["GET"]}}],"collection":[{"href":"https:\/\/archivierung-experten.de\/en\/wp-json\/wp\/v2\/pages"}],"about":[{"href":"https:\/\/archivierung-experten.de\/en\/wp-json\/wp\/v2\/types\/page"}],"author":[{"embeddable":true,"href":"https:\/\/archivierung-experten.de\/en\/wp-json\/wp\/v2\/users\/1"}],"replies":[{"embeddable":true,"href":"https:\/\/archivierung-experten.de\/en\/wp-json\/wp\/v2\/comments?post=55"}],"version-history":[{"count":6,"href":"https:\/\/archivierung-experten.de\/en\/wp-json\/wp\/v2\/pages\/55\/revisions"}],"predecessor-version":[{"id":307,"href":"https:\/\/archivierung-experten.de\/en\/wp-json\/wp\/v2\/pages\/55\/revisions\/307"}],"wp:attachment":[{"href":"https:\/\/archivierung-experten.de\/en\/wp-json\/wp\/v2\/media?parent=55"}],"curies":[{"name":"wp","href":"https:\/\/api.w.org\/{rel}","templated":true}]}}