{"id":6,"date":"2025-02-24T16:43:47","date_gmt":"2025-02-24T16:43:47","guid":{"rendered":"https:\/\/archivierung-experten.de\/?page_id=6"},"modified":"2025-04-24T14:06:26","modified_gmt":"2025-04-24T12:06:26","slug":"home","status":"publish","type":"page","link":"https:\/\/archivierung-experten.de\/en\/","title":{"rendered":"Home"},"content":{"rendered":"<section class=\"bde-section-6-109 bde-section\">\n  \n  \n\t\n\n\n\n<div class=\"section-container\"><div class=\"bde-back-to-top-6-329 bde-back-to-top bde-back-to-top--progress is-sticky\">\n\n\n<button aria-label=\"Back to top\" tabindex=\"0\" class=\"bde-back-to-top__button bde-back-to-top__button--progress bde-back-to-top__button--show-always bde-back-to-top__button--animation-fade is-sticky  js-ee-back-to-top\">\n    \t<svg class=\"bde-back-to-top__progress-svg js-progress-svg\" width=\"100%\" height=\"100%\" viewbox=\"-1 -1 102 102\">\n\t  <path class=\"background\" d=\"M50,1 a49,49 0 0,1 0,98 a49,49 0 0,1 0,-98\"\/>\n      <path class=\"tracker\" d=\"M50,1 a49,49 0 0,1 0,98 a49,49 0 0,1 0,-98\"\/>\n  \t<\/svg>\n         <div class=\"bde-back-to-top__icon-wrap\">\n              <svg xmlns=\"http:\/\/www.w3.org\/2000\/svg\" viewbox=\"0 0 384 512\"><!--! Font Awesome Pro 6.2.0 by @fontawesome - https:\/\/fontawesome.com License - https:\/\/fontawesome.com\/license (Commercial License) Copyright 2022 Fonticons, Inc. --><path d=\"M214.6 57.4L192 34.7 169.4 57.4l-144 144L2.7 224 48 269.2l22.6-22.6L160 157.2V448v32h64V448 157.2l89.4 89.4L336 269.2 381.3 224l-22.6-22.6-144-144z\"\/><\/svg>\n          <\/div>\n    <\/button>\n\n\n<\/div><img decoding=\"async\" class=\"bde-image2-6-213 bde-image2\" src=\"http:\/\/archivierung-experten.de\/wp-content\/uploads\/2025\/02\/logo-250-250.webp\" alt=\"Homepage Hero Logo\"><h1 class=\"bde-dual-heading-6-110 bde-dual-heading\">\n\n\n            <span data-style=\"primary\" class=\"dual-heading--primary\">Security &amp; Efficiency for your SME<\/span>\n\n\n\n<\/h1><div class=\"bde-text-6-111 bde-text\">\nEmail archiving with MailStore &amp; document management with Paperless-NGX\n<\/div><div class=\"bde-div-6-216 bde-div\">\n  \n  \n\t\n\n\n\n<div class=\"bde-button-6-214 bde-button\">\n    \n                                    \n    \n    \n    \n    \n            \n                    \n            \n            \n\n    \n    \n    \n    \n    \n    <a class=\"breakdance-link button-atom button-atom--custom bde-button__button\" href=\"https:\/\/archivierung-experten.de\/en\/losungen\/\" target=\"_self\" data-type=\"url\"  >\n\n    \n        <span class=\"button-atom__text\">Solutions<\/span>\n\n        \n        \n                <\/a>\n\n    \n\n\n<\/div><div class=\"bde-button-6-218 bde-button\">\n    \n                                    \n    \n    \n    \n    \n            \n                    \n            \n            \n\n    \n    \n    \n    \n    \n    <a class=\"breakdance-link button-atom button-atom--custom bde-button__button\" href=\"https:\/\/archivierung-experten.de\/en\/shop\/\" target=\"_self\" data-type=\"url\"  >\n\n    \n        <span class=\"button-atom__text\">Shop<\/span>\n\n        \n        \n                <\/a>\n\n    \n\n\n<\/div>\n<\/div><\/div>\n<\/section><section class=\"bde-section-6-113 bde-section\">\n  \n  \n\t\n\n\n\n<div class=\"section-container\"><div class=\"bde-div-6-114 bde-div\">\n  \n  \n\t\n\n\n\n<h2 class=\"bde-heading-6-115 bde-heading\">\nOur solutions\n<\/h2><div class=\"bde-text-6-116 bde-text\">\nIn today's digital world, the secure management and archiving of emails and documents is essential. Our solution combines MailStore for reliable email archiving and Paperless-NGX for smart document management - including local AI support for maximum efficiency.\n<\/div>\n<\/div><div class=\"bde-div-6-117 bde-div\">\n  \n  \n\t\n\n\n\n<div class=\"bde-columns-6-220 bde-columns\"><div class=\"bde-column-6-221 bde-column\">\n  \n  \n\t\n\n\n\n<div class=\"bde-image-box-6-118 bde-image-box bde-image-box-content-padding-only\">\n<div class=\"ee-imagebox-image\">\n  <img loading=\"lazy\" decoding=\"async\" class=\"breakdance-image-object\" src=\"http:\/\/archivierung-experten.de\/wp-content\/uploads\/2025\/02\/sicherheit.webp\" width=\"1024\" height=\"1024\" srcset=\"https:\/\/archivierung-experten.de\/wp-content\/uploads\/2025\/02\/sicherheit.webp 1024w, https:\/\/archivierung-experten.de\/wp-content\/uploads\/2025\/02\/sicherheit-300x300.webp 300w, https:\/\/archivierung-experten.de\/wp-content\/uploads\/2025\/02\/sicherheit-150x150.webp 150w, https:\/\/archivierung-experten.de\/wp-content\/uploads\/2025\/02\/sicherheit-768x768.webp 768w\" sizes=\"auto, (max-width: 1024px) 100vw, 1024px\" alt=\"Darstellung Sicherheit und Datenschutz in der Cloud\">\n<\/div>\n<div class=\"ee-imagebox-content\">\n      <h3 class=\"ee-imagebox-title bde-h3\" >Ensuring security &amp; data protection<\/h3>\n    \n      <div class=\"ee-imagebox-text\" >Archivieren Sie Ihre E-Mails und Dokumente rechtskonform und DSGVO-sicher. Profitieren Sie von revisionssicheren Speicherung und maximalem Schutz.<\/div>\n    \n          \n                                    \n    \n    \n    \n    \n            \n                    \n            \n            \n\n    \n    \n    \n    \n    \n    <a class=\"breakdance-link button-atom button-atom--text ee-imagebox-button\" href=\"https:\/\/archivierung-experten.de\/en\/e-mail-archivierung\/\" target=\"_self\" data-type=\"url\"  >\n\n    \n        <span class=\"button-atom__text\">Learn more<\/span>\n\n        \n        \n                <\/a>\n\n    \n\n  <\/div>\n\n<\/div>\n<\/div><div class=\"bde-column-6-222 bde-column\">\n  \n  \n\t\n\n\n\n<div class=\"bde-image-box-6-228 bde-image-box bde-image-box-content-padding-only\">\n<div class=\"ee-imagebox-image\">\n  <img loading=\"lazy\" decoding=\"async\" class=\"breakdance-image-object\" src=\"http:\/\/archivierung-experten.de\/wp-content\/uploads\/2025\/02\/effizienz.webp\" width=\"1024\" height=\"1024\" srcset=\"https:\/\/archivierung-experten.de\/wp-content\/uploads\/2025\/02\/effizienz.webp 1024w, https:\/\/archivierung-experten.de\/wp-content\/uploads\/2025\/02\/effizienz-300x300.webp 300w, https:\/\/archivierung-experten.de\/wp-content\/uploads\/2025\/02\/effizienz-150x150.webp 150w, https:\/\/archivierung-experten.de\/wp-content\/uploads\/2025\/02\/effizienz-768x768.webp 768w\" sizes=\"auto, (max-width: 1024px) 100vw, 1024px\" alt=\"Darstellung effiziente Verwaltung\">\n<\/div>\n<div class=\"ee-imagebox-content\">\n      <h3 class=\"ee-imagebox-title bde-h3\" >Effizient Verwaltet & organisiert<\/h3>\n    \n      <div class=\"ee-imagebox-text\" >Find your documents in seconds with powerful search technology. Manage all content in a structured manner and always keep track of everything.<\/div>\n    \n          \n                                    \n    \n    \n    \n    \n            \n                    \n            \n            \n\n    \n    \n    \n    \n    \n    <a class=\"breakdance-link button-atom button-atom--text ee-imagebox-button\" href=\"https:\/\/archivierung-experten.de\/en\/e-mail-archivierung\/\" target=\"_self\" data-type=\"url\"  >\n\n    \n        <span class=\"button-atom__text\">Learn more<\/span>\n\n        \n        \n                <\/a>\n\n    \n\n  <\/div>\n\n<\/div>\n<\/div><div class=\"bde-column-6-223 bde-column\">\n  \n  \n\t\n\n\n\n<div class=\"bde-image-box-6-227 bde-image-box bde-image-box-content-padding-only\">\n<div class=\"ee-imagebox-image\">\n  <img loading=\"lazy\" decoding=\"async\" class=\"breakdance-image-object\" src=\"http:\/\/archivierung-experten.de\/wp-content\/uploads\/2025\/02\/ki.webp\" width=\"1024\" height=\"1024\" srcset=\"https:\/\/archivierung-experten.de\/wp-content\/uploads\/2025\/02\/ki.webp 1024w, https:\/\/archivierung-experten.de\/wp-content\/uploads\/2025\/02\/ki-300x300.webp 300w, https:\/\/archivierung-experten.de\/wp-content\/uploads\/2025\/02\/ki-150x150.webp 150w, https:\/\/archivierung-experten.de\/wp-content\/uploads\/2025\/02\/ki-768x768.webp 768w\" sizes=\"auto, (max-width: 1024px) 100vw, 1024px\" alt=\"Darstellung der KI Unterst\u00fctzung\">\n<\/div>\n<div class=\"ee-imagebox-content\">\n      <h3 class=\"ee-imagebox-title bde-h3\" >AI support locally &amp; securely<\/h3>\n    \n      <div class=\"ee-imagebox-text\" >Use intelligent AI to sort and manage your documents. Your data remains secure and is not stored in an external cloud.<\/div>\n    \n          \n                                    \n    \n    \n    \n    \n            \n                    \n            \n            \n\n    \n    \n    \n    \n    \n    <a class=\"breakdance-link button-atom button-atom--text ee-imagebox-button\" href=\"https:\/\/archivierung-experten.de\/en\/paperless-ngx\/\" target=\"_self\" data-type=\"url\"  >\n\n    \n        <span class=\"button-atom__text\">Learn more<\/span>\n\n        \n        \n                <\/a>\n\n    \n\n  <\/div>\n\n<\/div>\n<\/div><div class=\"bde-column-6-224 bde-column\">\n  \n  \n\t\n\n\n\n<div class=\"bde-image-box-6-226 bde-image-box bde-image-box-content-padding-only\">\n<div class=\"ee-imagebox-image\">\n  <img loading=\"lazy\" decoding=\"async\" class=\"breakdance-image-object\" src=\"http:\/\/archivierung-experten.de\/wp-content\/uploads\/2025\/03\/Integration.webp\" width=\"1024\" height=\"1024\" srcset=\"https:\/\/archivierung-experten.de\/wp-content\/uploads\/2025\/03\/Integration.webp 1024w, https:\/\/archivierung-experten.de\/wp-content\/uploads\/2025\/03\/Integration-300x300.webp 300w, https:\/\/archivierung-experten.de\/wp-content\/uploads\/2025\/03\/Integration-150x150.webp 150w, https:\/\/archivierung-experten.de\/wp-content\/uploads\/2025\/03\/Integration-768x768.webp 768w\" sizes=\"auto, (max-width: 1024px) 100vw, 1024px\" alt=\"Darstellung einfacher IT Integration\">\n<\/div>\n<div class=\"ee-imagebox-content\">\n      <h3 class=\"ee-imagebox-title bde-h3\" >Easy integration into your IT<\/h3>\n    \n      <div class=\"ee-imagebox-text\" >Our solution can be seamlessly integrated into your existing systems. Get started quickly and easily without complex implementation.<\/div>\n    \n          \n                                    \n    \n    \n    \n    \n            \n                    \n            \n            \n\n    \n    \n    \n    \n    \n    <a class=\"breakdance-link button-atom button-atom--text ee-imagebox-button\" href=\"https:\/\/archivierung-experten.de\/en\/paperless-ngx\/\" target=\"_self\" data-type=\"url\"  >\n\n    \n        <span class=\"button-atom__text\">Learn more<\/span>\n\n        \n        \n                <\/a>\n\n    \n\n  <\/div>\n\n<\/div>\n<\/div><\/div>\n<\/div><div class=\"bde-div-6-269 bde-div\">\n  \n  \n\t\n\n\n\n<div class=\"bde-image-6-270 bde-image\">\n<figure class=\"breakdance-image breakdance-image--200\">\n\t<div class=\"breakdance-image-container\">\n\t\t<div class=\"breakdance-image-clip\"><img loading=\"lazy\" decoding=\"async\" class=\"breakdance-image-object\" src=\"https:\/\/breakdancedemos.com\/supa\/wp-content\/uploads\/sites\/9\/2023\/02\/mockup-tablet.svg\" width=\"1200\" height=\"764\" sizes=\"auto, (max-width: 1200px) 100vw, 1200px\"><\/div>\n\t<\/div><\/figure>\n\n<\/div><div class=\"bde-masker-6-271 bde-masker\"><div class=\"bde-advancedslider-6-301 bde-advancedslider\">\n<div class=\"breakdance-swiper-wrapper\" data-swiper-id=\"301\">\n  <div class=\"swiper\">\n    <div class=\"swiper-wrapper\">\n      <div class=\"bde-advancedslide-6-302 bde-advancedslide swiper-slide\">\n<div class=\"advanced-slider__slide\">\n  <img decoding=\"async\" class=\"bde-image2-6-318 bde-image2\" src=\"http:\/\/archivierung-experten.de\/wp-content\/uploads\/2025\/02\/effizienz-1.webp\" alt=\"Wechselndes Bild f\u00fcr den Zugriff von allen Ger\u00e4ten\" loading=\"lazy\" srcset=\"https:\/\/archivierung-experten.de\/wp-content\/uploads\/2025\/02\/effizienz-1.webp 1024w, https:\/\/archivierung-experten.de\/wp-content\/uploads\/2025\/02\/effizienz-1-300x300.webp 300w, https:\/\/archivierung-experten.de\/wp-content\/uploads\/2025\/02\/effizienz-1-150x150.webp 150w, https:\/\/archivierung-experten.de\/wp-content\/uploads\/2025\/02\/effizienz-1-768x768.webp 768w\" sizes=\"(max-width: 1024px) 100vw, 1024px\">\n<\/div>\n<\/div><div class=\"bde-advancedslide-6-319 bde-advancedslide swiper-slide\">\n<div class=\"advanced-slider__slide\">\n  <img decoding=\"async\" class=\"bde-image2-6-320 bde-image2\" src=\"http:\/\/archivierung-experten.de\/wp-content\/uploads\/2025\/02\/mail.webp\" alt=\"Wechselndes Bild f\u00fcr den Zugriff von allen Ger\u00e4ten\" loading=\"lazy\" srcset=\"https:\/\/archivierung-experten.de\/wp-content\/uploads\/2025\/02\/mail.webp 1024w, https:\/\/archivierung-experten.de\/wp-content\/uploads\/2025\/02\/mail-300x300.webp 300w, https:\/\/archivierung-experten.de\/wp-content\/uploads\/2025\/02\/mail-150x150.webp 150w, https:\/\/archivierung-experten.de\/wp-content\/uploads\/2025\/02\/mail-768x768.webp 768w\" sizes=\"(max-width: 1024px) 100vw, 1024px\">\n<\/div>\n<\/div>\n    <\/div>\n  <\/div>\n\n              <div class=\"swiper-button-prev\">\n            \n        <\/div>\n        <div class=\"swiper-button-next\">\n            \n        <\/div>\n    \n            <div class=\"swiper-pagination\"><\/div>\n    \n<\/div>\n\n<\/div>\r\n<\/div><div class=\"bde-div-6-273 bde-div\">\n  \n  \n\t\n\n\n\n<div class=\"bde-animated-heading-6-274 bde-animated-heading\">\n<h2 class=\"bde-animated-heading__text\">\n\t<span>Access from<\/span>\n\n\n\t<span class=\"bde-animated-heading__typed js-eeah-typed\"><\/span>\n\n\n\n<\/h2>\n\n<noscript>\n      <h2 class=\"bde-animated-heading__noscript\">\n      <span>Access from<\/span>\n      Computer\n      <span><\/span>\n    <\/h2>\n      <h2 class=\"bde-animated-heading__noscript\">\n      <span>Access from<\/span>\n      Tablet\n      <span><\/span>\n    <\/h2>\n      <h2 class=\"bde-animated-heading__noscript\">\n      <span>Access from<\/span>\n      Smartphone\n      <span><\/span>\n    <\/h2>\n  <\/noscript>\n<\/div>\n<\/div>\n<\/div><\/div>\n<\/section><section class=\"bde-section-6-141 bde-section\">\n  \n  \n\t\n\n\n\n        <div class=\"section-shape-divider-wrapper section-shape-divider-wrapper--1\">\n          <span class=\"section-shape-divider\">\n                      <svg\n                xmlns=\"http:\/\/www.w3.org\/2000\/svg\"\n                viewbox=\"0 0 1440 320\"\n                preserveaspectratio=\"none\"\n            >\n              <path d=\"M1440 0s-1.653 150.944-172.8 220C1050.548 307.416 0 300 0 300v20h1440V0Z\" fill=\"currentColor\"\/>\n            <\/svg>\n                    <\/span>\n      <\/div>\n        <div class=\"section-shape-divider-wrapper section-shape-divider-wrapper--2\">\n          <span class=\"section-shape-divider\">\n                      <svg\n                xmlns=\"http:\/\/www.w3.org\/2000\/svg\"\n                viewbox=\"0 0 1440 320\"\n                preserveaspectratio=\"none\"\n            >\n              <path d=\"M1440 0s-1.653 150.944-172.8 220C1050.548 307.416 0 300 0 300v20h1440V0Z\" fill=\"currentColor\"\/>\n            <\/svg>\n                    <\/span>\n      <\/div>\n  <div class=\"section-container\"><div class=\"bde-columns-6-142 bde-columns\"><div class=\"bde-column-6-143 bde-column\">\n  \n  \n\t\n\n\n\n<h2 class=\"bde-heading-6-144 bde-heading\">\nNo backup set up?\n<\/h2><div class=\"bde-text-6-145 bde-text\">\nRequest email archiving now\n<\/div><div class=\"bde-div-6-146 bde-div\">\n  \n  \n\t\n\n\n\n<div class=\"bde-button-6-147 bde-button\">\n    \n                                    \n    \n    \n    \n    \n            \n                    \n            \n            \n\n    \n    \n    \n    \n    \n    <a class=\"breakdance-link button-atom button-atom--custom bde-button__button\" href=\"#kontakt\" target=\"_self\" data-type=\"url\"  >\n\n    \n        <span class=\"button-atom__text\">Contact us<\/span>\n\n        \n        \n                <\/a>\n\n    \n\n\n<\/div><div class=\"bde-div-6-148 bde-div\">\n  \n  \n\t\n\n\n\n<div class=\"bde-icon-6-149 bde-icon\">\n\n    \n            <div class=\"bde-icon-icon breakdance-icon-atom\" >\n    \n                    <svg xmlns=\"http:\/\/www.w3.org\/2000\/svg\" width=\"14\" height=\"20\" viewbox=\"0 0 14 20\" fill=\"none\">\n<path fill-rule=\"evenodd\" clip-rule=\"evenodd\" d=\"M0.00845931 8.6948C0.00845931 8.07615 0.015909 7.45751 0.0233933 6.836L0.0233934 6.83599C0.0271878 6.52089 0.030991 6.20506 0.0338368 5.88813C0.0338368 2.48283 2.16556 0 5.10936 0H8.89063C11.8344 0 13.9662 2.48283 13.9662 5.88813C13.9915 7.25221 14 8.61629 14 9.99019C14 11.3641 13.9915 12.7478 13.9662 14.1119C13.9662 17.5172 11.8344 20 8.89063 20H5.10936C2.16556 20 0.0338368 17.5172 0.0338368 14.1021C0.0169184 12.8165 0 11.5015 0 10.1668L0.00845931 8.6948ZM8.28 17.6402V17.8002C8.28 18.4738 7.7168 19.0002 7 19.0002C6.30027 19.0002 5.72 18.4738 5.72 17.8002V17.6402C5.72 16.9842 6.30027 16.4402 7 16.4402C7.7168 16.4402 8.28 16.9842 8.28 17.6402ZM2.01671 6.44364C2.01136 6.84763 2.00604 7.24974 2.00604 7.65186L2 8.60868C2 9.4762 2.01208 10.331 2.02417 11.1666C2.02417 13.3864 3.54683 15.0002 5.64955 15.0002H8.35045C10.4532 15.0002 11.9758 13.3864 11.9758 11.173C11.994 10.2863 12 9.3869 12 8.49387C12 7.60083 11.994 6.71418 11.9758 5.82753C11.9758 3.61408 10.4532 2.00024 8.35045 2.00024H5.64955C3.54683 2.00024 2.02417 3.61408 2.02417 5.82753C2.02214 6.03354 2.01942 6.23883 2.01671 6.44364Z\" fill=\"black\"\/>\n<\/svg>\n        \n        \n        \n            <\/div>\n    \n\n\n<\/div><a class=\"bde-text-link-6-150 bde-text-link breakdance-link\" href=\"tel:+49-15151564140\" target=\"_blank\" data-type=\"contact\">\n  +49-15151564140\n\n<\/a>\n<\/div>\n<\/div>\n<\/div><div class=\"bde-column-6-151 bde-column\">\n  \n  \n\t\n\n\n\n<div class=\"bde-image-6-152 bde-image\">\n<figure class=\"breakdance-image breakdance-image--168\">\n\t<div class=\"breakdance-image-container\">\n\t\t<div class=\"breakdance-image-clip\"><img loading=\"lazy\" decoding=\"async\" class=\"breakdance-image-object\" src=\"http:\/\/archivierung-experten.de\/wp-content\/uploads\/2025\/03\/support2.webp\" width=\"1024\" height=\"1024\" srcset=\"https:\/\/archivierung-experten.de\/wp-content\/uploads\/2025\/03\/support2.webp 1024w, https:\/\/archivierung-experten.de\/wp-content\/uploads\/2025\/03\/support2-300x300.webp 300w, https:\/\/archivierung-experten.de\/wp-content\/uploads\/2025\/03\/support2-150x150.webp 150w, https:\/\/archivierung-experten.de\/wp-content\/uploads\/2025\/03\/support2-768x768.webp 768w\" sizes=\"auto, (max-width: 1024px) 100vw, 1024px\" alt=\"Bild zur Darstellung keiner Sicherung\"><\/div>\n\t<\/div><\/figure>\n\n<\/div>\n<\/div><\/div><\/div>\n<\/section>","protected":false},"excerpt":{"rendered":"<p>Sicherheit &#038; Effizienz f\u00fcr Ihr KMU E-Mail-Archivierung mit MailStore &#038; Dokumentenverwaltung mit Paperless-NGX L\u00f6sungen Shop Unsere L\u00f6sungen&#8230; In der heutigen digitalen Welt ist die sichere Verwaltung und Archivierung von E-Mails und Dokumenten essenziell. Unsere L\u00f6sung kombiniert MailStore f\u00fcr die zuverl\u00e4ssige E-Mail-Archivierung und Paperless-NGX f\u00fcr eine smarte Dokumentenverwaltung \u2013 inklusive lokalem KI-Support f\u00fcr maximale Effizienz. Sicherheit [&hellip;]<\/p>\n","protected":false},"author":1,"featured_media":0,"parent":0,"menu_order":0,"comment_status":"closed","ping_status":"closed","template":"","meta":{"_breakdance_hide_in_design_set":false,"_breakdance_tags":"","footnotes":""},"class_list":["post-6","page","type-page","status-publish","hentry"],"_links":{"self":[{"href":"https:\/\/archivierung-experten.de\/en\/wp-json\/wp\/v2\/pages\/6","targetHints":{"allow":["GET"]}}],"collection":[{"href":"https:\/\/archivierung-experten.de\/en\/wp-json\/wp\/v2\/pages"}],"about":[{"href":"https:\/\/archivierung-experten.de\/en\/wp-json\/wp\/v2\/types\/page"}],"author":[{"embeddable":true,"href":"https:\/\/archivierung-experten.de\/en\/wp-json\/wp\/v2\/users\/1"}],"replies":[{"embeddable":true,"href":"https:\/\/archivierung-experten.de\/en\/wp-json\/wp\/v2\/comments?post=6"}],"version-history":[{"count":41,"href":"https:\/\/archivierung-experten.de\/en\/wp-json\/wp\/v2\/pages\/6\/revisions"}],"predecessor-version":[{"id":378,"href":"https:\/\/archivierung-experten.de\/en\/wp-json\/wp\/v2\/pages\/6\/revisions\/378"}],"wp:attachment":[{"href":"https:\/\/archivierung-experten.de\/en\/wp-json\/wp\/v2\/media?parent=6"}],"curies":[{"name":"wp","href":"https:\/\/api.w.org\/{rel}","templated":true}]}}