{"id":62,"date":"2025-02-24T18:06:40","date_gmt":"2025-02-24T18:06:40","guid":{"rendered":"https:\/\/archivierung-experten.de\/?page_id=62"},"modified":"2025-04-24T14:03:25","modified_gmt":"2025-04-24T12:03:25","slug":"e-mail-archivierung","status":"publish","type":"page","link":"https:\/\/archivierung-experten.de\/en\/e-mail-archivierung\/","title":{"rendered":"E-Mail-Archivierung"},"content":{"rendered":"<section class=\"bde-section-62-100 bde-section\">\n  \n  \n\t\n\n\n\n<div class=\"section-container\"><div class=\"bde-back-to-top-62-197 bde-back-to-top bde-back-to-top--progress is-sticky\">\n\n\n<button aria-label=\"Back to top\" tabindex=\"0\" class=\"bde-back-to-top__button bde-back-to-top__button--progress bde-back-to-top__button--show-always bde-back-to-top__button--animation-fade is-sticky  js-ee-back-to-top\">\n    \t<svg class=\"bde-back-to-top__progress-svg js-progress-svg\" width=\"100%\" height=\"100%\" viewbox=\"-1 -1 102 102\">\n\t  <path class=\"background\" d=\"M50,1 a49,49 0 0,1 0,98 a49,49 0 0,1 0,-98\"\/>\n      <path class=\"tracker\" d=\"M50,1 a49,49 0 0,1 0,98 a49,49 0 0,1 0,-98\"\/>\n  \t<\/svg>\n         <div class=\"bde-back-to-top__icon-wrap\">\n              <svg xmlns=\"http:\/\/www.w3.org\/2000\/svg\" viewbox=\"0 0 384 512\"><!--! Font Awesome Pro 6.2.0 by @fontawesome - https:\/\/fontawesome.com License - https:\/\/fontawesome.com\/license (Commercial License) Copyright 2022 Fonticons, Inc. --><path d=\"M214.6 57.4L192 34.7 169.4 57.4l-144 144L2.7 224 48 269.2l22.6-22.6L160 157.2V448v32h64V448 157.2l89.4 89.4L336 269.2 381.3 224l-22.6-22.6-144-144z\"\/><\/svg>\n          <\/div>\n    <\/button>\n\n\n<\/div><h1 class=\"bde-heading-62-104 bde-heading\">\nEmail archiving with MailStore\n<\/h1><h2 class=\"bde-heading-62-105 bde-heading\">\nSecurity &amp; Efficiency for your SME\n<\/h2><\/div>\n<\/section><section class=\"bde-section-62-115 bde-section\">\n  \n  \n\t\n\n\n\n<div class=\"section-container\"><div class=\"bde-columns-62-167 bde-columns\"><div class=\"bde-column-62-168 bde-column\">\n  \n  \n\t\n\n\n\n<h2 class=\"bde-heading-62-116 bde-heading\">\nWhy email archiving is essential for companies\n<\/h2><div class=\"bde-text-62-117 bde-text\">\nEmails are the backbone of modern business communication. But without a reliable archiving system, SMEs face major challenges:\n<\/div>\n<\/div><div class=\"bde-column-62-169 bde-column\">\n  \n  \n\t\n\n\n\n<img decoding=\"async\" class=\"bde-image2-62-170 bde-image2\" src=\"http:\/\/archivierung-experten.de\/wp-content\/uploads\/2025\/02\/mail.webp\" loading=\"lazy\" srcset=\"https:\/\/archivierung-experten.de\/wp-content\/uploads\/2025\/02\/mail.webp 1024w, https:\/\/archivierung-experten.de\/wp-content\/uploads\/2025\/02\/mail-300x300.webp 300w, https:\/\/archivierung-experten.de\/wp-content\/uploads\/2025\/02\/mail-150x150.webp 150w, https:\/\/archivierung-experten.de\/wp-content\/uploads\/2025\/02\/mail-768x768.webp 768w\" sizes=\"(max-width: 1024px) 100vw, 1024px\">\n<\/div><\/div><div class=\"bde-columns-62-118 bde-columns\"><div class=\"bde-column-62-173 bde-column\" data-parallax=\"true\">\n  \n  \n\t\n\n\n\n<div class=\"bde-icon-box-62-174 bde-icon-box\">\n\n    \n            <div class=\"ee-iconbox-icon breakdance-icon-atom\" >\n    \n                    <svg xmlns=\"http:\/\/www.w3.org\/2000\/svg\" id=\"icon-checkbox-checked\" viewbox=\"0 0 32 32\">\n<path d=\"M28 0h-24c-2.2 0-4 1.8-4 4v24c0 2.2 1.8 4 4 4h24c2.2 0 4-1.8 4-4v-24c0-2.2-1.8-4-4-4zM14 24.828l-7.414-7.414 2.828-2.828 4.586 4.586 9.586-9.586 2.828 2.828-12.414 12.414z\"\/>\n<\/svg>\n        \n        \n        \n            <\/div>\n    \n\n<div class=\"ee-iconbox-content\">\n      <p class=\"ee-iconbox-title bde-h3\" >GDPR Compliant<\/p>\n        <div class=\"ee-iconbox-text\" >Legal requirements &amp; GDPR \u2013 Legal requirements oblige companies to archive business emails long-term and in an audit-proof manner.<\/div>\n    <\/div>\n\n<\/div>\n<\/div><div class=\"bde-column-62-121 bde-column\" data-parallax=\"true\">\n  \n  \n\t\n\n\n\n<div class=\"bde-icon-box-62-122 bde-icon-box\">\n\n    \n            <div class=\"ee-iconbox-icon breakdance-icon-atom\" >\n    \n                    <svg xmlns=\"http:\/\/www.w3.org\/2000\/svg\" viewbox=\"0 0 512 512\"><!--! Font Awesome Free 6.5.1 by @fontawesome - https:\/\/fontawesome.com License - https:\/\/fontawesome.com\/license\/free (Icons: CC BY 4.0, Fonts: SIL OFL 1.1, Code: MIT License) Copyright 2023 Fonticons, Inc. --><path d=\"M256 0c4.6 0 9.2 1 13.4 2.9L457.7 82.8c22 9.3 38.4 31 38.3 57.2c-.5 99.2-41.3 280.7-213.6 363.2c-16.7 8-36.1 8-52.8 0C57.3 420.7 16.5 239.2 16 140c-.1-26.2 16.3-47.9 38.3-57.2L242.7 2.9C246.8 1 251.4 0 256 0zm0 66.8V444.8C394 378 431.1 230.1 432 141.4L256 66.8l0 0z\"\/><\/svg>\n        \n        \n        \n            <\/div>\n    \n\n<div class=\"ee-iconbox-content\">\n      <p class=\"ee-iconbox-title bde-h3\" >Secure<\/p>\n        <div class=\"ee-iconbox-text\" >Avoid data loss \u2013 Simple mailboxes are vulnerable to accidental deletion, hardware failure or cyber attacks.<\/div>\n    <\/div>\n\n<\/div>\n<\/div><div class=\"bde-column-62-123 bde-column\" data-parallax=\"true\">\n  \n  \n\t\n\n\n\n<div class=\"bde-icon-box-62-124 bde-icon-box\">\n\n    \n            <div class=\"ee-iconbox-icon breakdance-icon-atom\" >\n    \n                    <svg xmlns=\"http:\/\/www.w3.org\/2000\/svg\" viewbox=\"0 0 512 512\"><!--! Font Awesome Free 6.5.1 by @fontawesome - https:\/\/fontawesome.com License - https:\/\/fontawesome.com\/license\/free (Icons: CC BY 4.0, Fonts: SIL OFL 1.1, Code: MIT License) Copyright 2023 Fonticons, Inc. --><path d=\"M64 64c0-17.7-14.3-32-32-32S0 46.3 0 64V400c0 44.2 35.8 80 80 80H480c17.7 0 32-14.3 32-32s-14.3-32-32-32H80c-8.8 0-16-7.2-16-16V64zm406.6 86.6c12.5-12.5 12.5-32.8 0-45.3s-32.8-12.5-45.3 0L320 210.7l-57.4-57.4c-12.5-12.5-32.8-12.5-45.3 0l-112 112c-12.5 12.5-12.5 32.8 0 45.3s32.8 12.5 45.3 0L240 221.3l57.4 57.4c12.5 12.5 32.8 12.5 45.3 0l128-128z\"\/><\/svg>\n        \n        \n        \n            <\/div>\n    \n\n<div class=\"ee-iconbox-content\">\n      <p class=\"ee-iconbox-title bde-h3\" >Effective<\/p>\n        <div class=\"ee-iconbox-text\" >Increase productivity \u2013 Tedious searches through overfilled mailboxes cost time and nerves. Efficient archiving enables access to all emails in seconds.<\/div>\n    <\/div>\n\n<\/div>\n<\/div><\/div><\/div>\n<\/section><section class=\"bde-section-62-125 bde-section\">\n  \n  \n\t\n\n\n\n<div class=\"section-container\"><h2 class=\"bde-heading-62-126 bde-heading\">\nThe solution: MailStore as a hosting service in our data center\n<\/h2><div class=\"bde-text-62-127 bde-text\">\nWith our MailStore hosting solution, you get professional, powerful and audit-proof email archiving \u2013 hosted in our highly secure data center.\n<\/div><div class=\"bde-columns-62-128 bde-columns\"><div class=\"bde-column-62-119 bde-column\" data-parallax=\"true\">\n  \n  \n\t\n\n\n\n<div class=\"bde-icon-box-62-130 bde-icon-box\">\n\n    \n            <div class=\"ee-iconbox-icon breakdance-icon-atom\" >\n    \n                    <svg xmlns=\"http:\/\/www.w3.org\/2000\/svg\" viewbox=\"0 0 576 512\"><!--! Font Awesome Free 6.5.1 by @fontawesome - https:\/\/fontawesome.com License - https:\/\/fontawesome.com\/license\/free (Icons: CC BY 4.0, Fonts: SIL OFL 1.1, Code: MIT License) Copyright 2023 Fonticons, Inc. --><path d=\"M0 48C0 21.5 21.5 0 48 0H336c26.5 0 48 21.5 48 48V207l-42.4 17H304 272c-8.8 0-16 7.2-16 16v32 24.2V304c0 .9 .1 1.7 .2 2.6c2.3 58.1 24.1 144.8 98.7 201.5c-5.8 2.5-12.2 3.9-18.9 3.9H240V432c0-26.5-21.5-48-48-48s-48 21.5-48 48v80H48c-26.5 0-48-21.5-48-48V48zM80 224c-8.8 0-16 7.2-16 16v32c0 8.8 7.2 16 16 16h32c8.8 0 16-7.2 16-16V240c0-8.8-7.2-16-16-16H80zm80 16v32c0 8.8 7.2 16 16 16h32c8.8 0 16-7.2 16-16V240c0-8.8-7.2-16-16-16H176c-8.8 0-16 7.2-16 16zM64 112v32c0 8.8 7.2 16 16 16h32c8.8 0 16-7.2 16-16V112c0-8.8-7.2-16-16-16H80c-8.8 0-16 7.2-16 16zM176 96c-8.8 0-16 7.2-16 16v32c0 8.8 7.2 16 16 16h32c8.8 0 16-7.2 16-16V112c0-8.8-7.2-16-16-16H176zm80 16v32c0 8.8 7.2 16 16 16h32c8.8 0 16-7.2 16-16V112c0-8.8-7.2-16-16-16H272c-8.8 0-16 7.2-16 16zM423.1 225.7c5.7-2.3 12.1-2.3 17.8 0l120 48C570 277.4 576 286.2 576 296c0 63.3-25.9 168.8-134.8 214.2c-5.9 2.5-12.6 2.5-18.5 0C313.9 464.8 288 359.3 288 296c0-9.8 6-18.6 15.1-22.3l120-48zM527.4 312L432 273.8V461.7c68.2-33 91.5-99 95.4-149.7z\"\/><\/svg>\n        \n        \n        \n            <\/div>\n    \n\n<div class=\"ee-iconbox-content\">\n      <p class=\"ee-iconbox-title bde-h3\" >Isolated hosting<\/p>\n        <div class=\"ee-iconbox-text\" >Dedicated shared hosting environment \u2013 \u200b\u200bHighest performance and security through individually isolated resources for your company.<\/div>\n    <\/div>\n\n<\/div>\n<\/div><div class=\"bde-column-62-175 bde-column\" data-parallax=\"true\">\n  \n  \n\t\n\n\n\n<div class=\"bde-icon-box-62-132 bde-icon-box\">\n\n    \n            <div class=\"ee-iconbox-icon breakdance-icon-atom\" >\n    \n                    <svg xmlns=\"http:\/\/www.w3.org\/2000\/svg\" viewbox=\"0 0 448 512\"><!--! Font Awesome Free 6.5.1 by @fontawesome - https:\/\/fontawesome.com License - https:\/\/fontawesome.com\/license\/free (Icons: CC BY 4.0, Fonts: SIL OFL 1.1, Code: MIT License) Copyright 2023 Fonticons, Inc. --><path d=\"M208 0H332.1c12.7 0 24.9 5.1 33.9 14.1l67.9 67.9c9 9 14.1 21.2 14.1 33.9V336c0 26.5-21.5 48-48 48H208c-26.5 0-48-21.5-48-48V48c0-26.5 21.5-48 48-48zM48 128h80v64H64V448H256V416h64v48c0 26.5-21.5 48-48 48H48c-26.5 0-48-21.5-48-48V176c0-26.5 21.5-48 48-48z\"\/><\/svg>\n        \n        \n        \n            <\/div>\n    \n\n<div class=\"ee-iconbox-content\">\n      <p class=\"ee-iconbox-title bde-h3\" >Audit-Proof<\/p>\n        <div class=\"ee-iconbox-text\" >Audit-proof archiving \u2013 Meet all legal requirements without complicated processes.<\/div>\n    <\/div>\n\n<\/div>\n<\/div><div class=\"bde-column-62-177 bde-column\" data-parallax=\"true\">\n  \n  \n\t\n\n\n\n<div class=\"bde-icon-box-62-134 bde-icon-box\">\n\n    \n            <div class=\"ee-iconbox-icon breakdance-icon-atom\" >\n    \n                    <svg xmlns=\"http:\/\/www.w3.org\/2000\/svg\" viewbox=\"0 0 512 512\"><!--! Font Awesome Free 6.5.1 by @fontawesome - https:\/\/fontawesome.com License - https:\/\/fontawesome.com\/license\/free (Icons: CC BY 4.0, Fonts: SIL OFL 1.1, Code: MIT License) Copyright 2023 Fonticons, Inc. --><path d=\"M32 32H480c17.7 0 32 14.3 32 32V96c0 17.7-14.3 32-32 32H32C14.3 128 0 113.7 0 96V64C0 46.3 14.3 32 32 32zm0 128H480V416c0 35.3-28.7 64-64 64H96c-35.3 0-64-28.7-64-64V160zm128 80c0 8.8 7.2 16 16 16H336c8.8 0 16-7.2 16-16s-7.2-16-16-16H176c-8.8 0-16 7.2-16 16z\"\/><\/svg>\n        \n        \n        \n            <\/div>\n    \n\n<div class=\"ee-iconbox-content\">\n      <p class=\"ee-iconbox-title bde-h3\" >Archive<\/p>\n        <div class=\"ee-iconbox-text\" >Protection against data loss \u2013 Automatic and tamper-proof archiving of all incoming and outgoing emails.<\/div>\n    <\/div>\n\n<\/div>\n<\/div><\/div><div class=\"bde-columns-62-179 bde-columns\"><div class=\"bde-column-62-180 bde-column\" data-parallax=\"true\">\n  \n  \n\t\n\n\n\n<div class=\"bde-icon-box-62-137 bde-icon-box\">\n\n    \n            <div class=\"ee-iconbox-icon breakdance-icon-atom\" >\n    \n                    <svg xmlns=\"http:\/\/www.w3.org\/2000\/svg\" viewbox=\"0 0 384 512\"><!--! Font Awesome Free 6.5.1 by @fontawesome - https:\/\/fontawesome.com License - https:\/\/fontawesome.com\/license\/free (Icons: CC BY 4.0, Fonts: SIL OFL 1.1, Code: MIT License) Copyright 2023 Fonticons, Inc. --><path d=\"M0 256L28.5 28c2-16 15.6-28 31.8-28H228.9c15 0 27.1 12.1 27.1 27.1c0 3.2-.6 6.5-1.7 9.5L208 160H347.3c20.2 0 36.7 16.4 36.7 36.7c0 7.4-2.2 14.6-6.4 20.7l-192.2 281c-5.9 8.6-15.6 13.7-25.9 13.7h-2.9c-15.7 0-28.5-12.8-28.5-28.5c0-2.3 .3-4.6 .9-6.9L176 288H32c-17.7 0-32-14.3-32-32z\"\/><\/svg>\n        \n        \n        \n            <\/div>\n    \n\n<div class=\"ee-iconbox-content\">\n      <p class=\"ee-iconbox-title bde-h3\" >Fast<\/p>\n        <div class=\"ee-iconbox-text\" >Lightning-fast search \u2013 Find any email in seconds \u2013 even years after it was sent.<\/div>\n    <\/div>\n\n<\/div>\n<\/div><div class=\"bde-column-62-182 bde-column\" data-parallax=\"true\">\n  \n  \n\t\n\n\n\n<div class=\"bde-icon-box-62-139 bde-icon-box\">\n\n    \n            <div class=\"ee-iconbox-icon breakdance-icon-atom\" >\n    \n                    <svg xmlns=\"http:\/\/www.w3.org\/2000\/svg\" viewbox=\"0 0 576 512\"><!--! Font Awesome Free 6.5.1 by @fontawesome - https:\/\/fontawesome.com License - https:\/\/fontawesome.com\/license\/free (Icons: CC BY 4.0, Fonts: SIL OFL 1.1, Code: MIT License) Copyright 2023 Fonticons, Inc. --><path d=\"M0 112.5V422.3c0 18 10.1 35 27 41.3c87 32.5 174 10.3 261-11.9c79.8-20.3 159.6-40.7 239.3-18.9c23 6.3 48.7-9.5 48.7-33.4V89.7c0-18-10.1-35-27-41.3C462 15.9 375 38.1 288 60.3C208.2 80.6 128.4 100.9 48.7 79.1C25.6 72.8 0 88.6 0 112.5zM128 416H64V352c35.3 0 64 28.7 64 64zM64 224V160h64c0 35.3-28.7 64-64 64zM448 352c0-35.3 28.7-64 64-64v64H448zm64-192c-35.3 0-64-28.7-64-64h64v64zM384 256c0 61.9-43 112-96 112s-96-50.1-96-112s43-112 96-112s96 50.1 96 112zM252 208c0 9.7 6.9 17.7 16 19.6V276h-4c-11 0-20 9-20 20s9 20 20 20h24 24c11 0 20-9 20-20s-9-20-20-20h-4V208c0-11-9-20-20-20H272c-11 0-20 9-20 20z\"\/><\/svg>\n        \n        \n        \n            <\/div>\n    \n\n<div class=\"ee-iconbox-content\">\n      <p class=\"ee-iconbox-title bde-h3\" >resource-saving<\/p>\n        <div class=\"ee-iconbox-text\" >Save storage space \u2013 relieve the burden on your IT infrastructure and reduce costs.<\/div>\n    <\/div>\n\n<\/div>\n<\/div><div class=\"bde-column-62-184 bde-column\" data-parallax=\"true\">\n  \n  \n\t\n\n\n\n<div class=\"bde-icon-box-62-141 bde-icon-box\">\n\n    \n            <div class=\"ee-iconbox-icon breakdance-icon-atom\" >\n    \n                    <svg xmlns=\"http:\/\/www.w3.org\/2000\/svg\" id=\"icon-shuffle\" viewbox=\"0 0 32 32\">\n<path d=\"M24 22h-3.172l-5-5 5-5h3.172v5l7-7-7-7v5h-4c-0.53 0-1.039 0.211-1.414 0.586l-5.586 5.586-5.586-5.586c-0.375-0.375-0.884-0.586-1.414-0.586h-6v4h5.172l5 5-5 5h-5.172v4h6c0.53 0 1.039-0.211 1.414-0.586l5.586-5.586 5.586 5.586c0.375 0.375 0.884 0.586 1.414 0.586h4v5l7-7-7-7v5z\"\/>\n<\/svg>\n        \n        \n        \n            <\/div>\n    \n\n<div class=\"ee-iconbox-content\">\n      <p class=\"ee-iconbox-title bde-h3\" >Flexible<\/p>\n        <div class=\"ee-iconbox-text\" >Flexibility for large setups \u2013 For larger companies, we offer tailor-made alternatives and individual solutions.<\/div>\n    <\/div>\n\n<\/div>\n<\/div><\/div><\/div>\n<\/section><section class=\"bde-section-62-186 bde-section\">\n  \n  \n\t\n\n\n\n<div class=\"section-container\"><div class=\"bde-columns-62-187 bde-columns\"><div class=\"bde-column-62-188 bde-column\">\n  \n  \n\t\n\n\n\n<div class=\"bde-image-62-189 bde-image\">\n<figure class=\"breakdance-image breakdance-image--1028\">\n\t<div class=\"breakdance-image-container\">\n\t\t<div class=\"breakdance-image-clip\"><img loading=\"lazy\" decoding=\"async\" class=\"breakdance-image-object\" src=\"https:\/\/breakdancelibrary.com\/samba\/wp-content\/uploads\/sites\/2\/2023\/02\/artlipsky_Website_illustration_Starting_Rocket_on_isolated_whit_8b0898b6-f82b-4d50-90c0-d49fdecdf411.jpg\" width=\"2048\" height=\"2048\" srcset=\"https:\/\/breakdancelibrary.com\/samba\/wp-content\/uploads\/sites\/2\/2023\/02\/artlipsky_Website_illustration_Starting_Rocket_on_isolated_whit_8b0898b6-f82b-4d50-90c0-d49fdecdf411.jpg 2048w, https:\/\/breakdancelibrary.com\/samba\/wp-content\/uploads\/sites\/2\/2023\/02\/artlipsky_Website_illustration_Starting_Rocket_on_isolated_whit_8b0898b6-f82b-4d50-90c0-d49fdecdf411-300x300.jpg 300w, https:\/\/breakdancelibrary.com\/samba\/wp-content\/uploads\/sites\/2\/2023\/02\/artlipsky_Website_illustration_Starting_Rocket_on_isolated_whit_8b0898b6-f82b-4d50-90c0-d49fdecdf411-1024x1024.jpg 1024w, https:\/\/breakdancelibrary.com\/samba\/wp-content\/uploads\/sites\/2\/2023\/02\/artlipsky_Website_illustration_Starting_Rocket_on_isolated_whit_8b0898b6-f82b-4d50-90c0-d49fdecdf411-150x150.jpg 150w, https:\/\/breakdancelibrary.com\/samba\/wp-content\/uploads\/sites\/2\/2023\/02\/artlipsky_Website_illustration_Starting_Rocket_on_isolated_whit_8b0898b6-f82b-4d50-90c0-d49fdecdf411-768x768.jpg 768w, https:\/\/breakdancelibrary.com\/samba\/wp-content\/uploads\/sites\/2\/2023\/02\/artlipsky_Website_illustration_Starting_Rocket_on_isolated_whit_8b0898b6-f82b-4d50-90c0-d49fdecdf411-1536x1536.jpg 1536w\" sizes=\"auto, (max-width: 2048px) 100vw, 2048px\"><\/div>\n\t<\/div><\/figure>\n\n<\/div>\n<\/div><div class=\"bde-column-62-190 bde-column\">\n  \n  \n\t\n\n\n\n<div class=\"bde-text-62-191 bde-text\">\nBenefit from our secure and scalable MailStore hosting solution.\n<\/div><h2 class=\"bde-heading-62-192 bde-heading\">\nYour emails are securely archived \u2013 without any effort for your IT\n<\/h2><div class=\"bde-text-62-193 bde-text\">\nNo complicated installation, no separate hardware \u2013 simply set up and be protected in the long term.\n<\/div><div class=\"bde-div-62-194 bde-div\">\n  \n  \n\t\n\n\n\n<div class=\"bde-button-62-195 bde-button\">\n    \n                                    \n    \n    \n    \n    \n            \n                    \n            \n            \n\n    \n    \n    \n    \n    \n    <a class=\"breakdance-link button-atom button-atom--custom bde-button__button\" href=\"#kontakt\" target=\"_self\" data-type=\"url\"  >\n\n    \n        <span class=\"button-atom__text\">Contact<\/span>\n\n        \n        \n                <\/a>\n\n    \n\n\n<\/div><div class=\"bde-button-62-196 bde-button\">\n    \n                                    \n    \n    \n    \n    \n            \n                    \n            \n            \n\n    \n    \n    \n    \n    \n    <a class=\"breakdance-link button-atom button-atom--custom bde-button__button\" href=\"https:\/\/archivierung-experten.de\/en\/shop\/\" target=\"_self\" data-type=\"url\"  >\n\n    \n        <span class=\"button-atom__text\">Shop<\/span>\n\n        \n        \n                <\/a>\n\n    \n\n\n<\/div>\n<\/div>\n<\/div><\/div><\/div>\n<\/section>","protected":false},"excerpt":{"rendered":"<p>E-Mail-Archivierung mit MailStore Sicherheit &#038; Effizienz f\u00fcr Ihr KMU Warum E-Mail-Archivierung f\u00fcr Unternehmen unverzichtbar ist E-Mails sind das R\u00fcckgrat der modernen Gesch\u00e4ftskommunikation. Doch ohne ein zuverl\u00e4ssiges Archivierungssystem stehen KMU vor gro\u00dfen Herausforderungen: DSGVO Konform Rechtliche Anforderungen &#038; DSGVO \u2013 Gesetzliche Vorgaben verpflichten Unternehmen zur langfristigen und revisionssicheren Archivierung gesch\u00e4ftlicher E-Mails. Sicher Datenverluste vermeiden \u2013 Einfache [&hellip;]<\/p>\n","protected":false},"author":1,"featured_media":0,"parent":0,"menu_order":0,"comment_status":"closed","ping_status":"closed","template":"","meta":{"_breakdance_hide_in_design_set":false,"_breakdance_tags":"","footnotes":""},"class_list":["post-62","page","type-page","status-publish","hentry"],"_links":{"self":[{"href":"https:\/\/archivierung-experten.de\/en\/wp-json\/wp\/v2\/pages\/62","targetHints":{"allow":["GET"]}}],"collection":[{"href":"https:\/\/archivierung-experten.de\/en\/wp-json\/wp\/v2\/pages"}],"about":[{"href":"https:\/\/archivierung-experten.de\/en\/wp-json\/wp\/v2\/types\/page"}],"author":[{"embeddable":true,"href":"https:\/\/archivierung-experten.de\/en\/wp-json\/wp\/v2\/users\/1"}],"replies":[{"embeddable":true,"href":"https:\/\/archivierung-experten.de\/en\/wp-json\/wp\/v2\/comments?post=62"}],"version-history":[{"count":15,"href":"https:\/\/archivierung-experten.de\/en\/wp-json\/wp\/v2\/pages\/62\/revisions"}],"predecessor-version":[{"id":374,"href":"https:\/\/archivierung-experten.de\/en\/wp-json\/wp\/v2\/pages\/62\/revisions\/374"}],"wp:attachment":[{"href":"https:\/\/archivierung-experten.de\/en\/wp-json\/wp\/v2\/media?parent=62"}],"curies":[{"name":"wp","href":"https:\/\/api.w.org\/{rel}","templated":true}]}}